{"id":1197,"date":"2015-12-16T14:28:10","date_gmt":"2015-12-16T16:28:10","guid":{"rendered":"http:\/\/www.centronocaminhodaluz.com.br\/?page_id=1197"},"modified":"2022-10-11T15:48:10","modified_gmt":"2022-10-11T18:48:10","slug":"atendimento-fraterno","status":"publish","type":"page","link":"https:\/\/www.centronocaminhodaluz.com.br\/index.php\/atendimento-fraterno\/","title":{"rendered":"Atendimento Fraterno"},"content":{"rendered":"<div>Destina-se ao atendimento de pessoas que buscam elucida\u00e7\u00f5es esp\u00edritas para os seus problemas \u00edntimos, dificuldades existenciais, conflitos e anseios.<\/div>\n<div>As pessoas s\u00e3o recepcionadas e conduzidas a uma atividade de car\u00e1ter preparat\u00f3rio atrav\u00e9s de pequena palestra doutrin\u00e1ria e de passes.<\/div>\n<div><\/div>\n<div>Encaminhadas para a entrevista, que se d\u00e1 de forma reservada, e durante a qual s\u00e3o esclarecidas e orientadas \u00e0&nbsp; luz do Espiritismo. S\u00e3o encorajadas para o conhecimento de si mesmas e eleva\u00e7\u00e3o de sua autoestima, indispens\u00e1vel para o \u00eaxito nas lutas da vida e para o equil\u00edbrio emocional.<\/div>\n<div><\/div>\n<div>No Centro Esp\u00edrita No Caminho da Luz, o atendimento fraterno funciona nos seguintes dias e hor\u00e1rios:<\/div>\n<div><\/div>\n<table border=\"0\" width=\"727\" cellspacing=\"0\" cellpadding=\"0\" align=\"center\">\n<tbody>\n<tr>\n<td align=\"center\" valign=\"top\" width=\"511\">\n<span class=\"A_style2\">Chegar com pelo menos 30 minutos antes de<br \/>\niniciar os trabalhos<br \/>\n<\/span><span class=\"A_style2\">N\u00e3o \u00e9 Necess\u00e1rio Agendar <\/span><\/p>\n<div align=\"left\">\n<table style=\"height: 563px;\" border=\"0\" width=\"794\" cellspacing=\"0\" cellpadding=\"0\" align=\"center\">\n<tbody>\n<tr>\n<td bgcolor=\"#FFFF00\">\n<div class=\"style12\" align=\"center\">&nbsp;<\/div>\n<\/td>\n<td bgcolor=\"#FFFF00\">\n<div class=\"style13\" align=\"center\">Hor\u00e1rio<\/div>\n<\/td>\n<td bgcolor=\"#FFFF00\">\n<div class=\"style13\" align=\"center\">Dura\u00e7\u00e3o<\/div>\n<\/td>\n<\/tr>\n<tr>\n<td class=\"A_style10\" colspan=\"3\" bgcolor=\"#0000ff\">\n<div align=\"center\"><span style=\"color: #ffffff;\"><strong>Quarta Feira<\/strong><\/span><\/div>\n<\/td>\n<\/tr>\n<tr>\n<td nowrap=\"nowrap\" width=\"213\">\n<div align=\"center\">\n<div class=\"A_style14\" align=\"center\">Desobsess\u00e3o <strong>(*)<\/strong><\/div>\n<\/div>\n<\/td>\n<td class=\"A_style12\" width=\"57\">\n<div align=\"center\">\n<div align=\"center\">20:00<\/div>\n<\/div>\n<\/td>\n<td class=\"A_style12\" width=\"141\">\n<div align=\"center\">\n<div align=\"center\">60 Min<\/div>\n<\/div>\n<\/td>\n<\/tr>\n<tr>\n<td class=\"A_style10\" colspan=\"3\" bgcolor=\"#0000ff\">\n<div align=\"center\"><span style=\"color: #ffffff;\"><strong>Quinta Feira<\/strong><\/span><\/div>\n<\/td>\n<\/tr>\n<tr>\n<td class=\"A_style14\">\n<div align=\"center\">\n<div align=\"center\">Desobsess\u00e3o <strong>(*)<\/strong><\/div>\n<\/div>\n<\/td>\n<td class=\"A_style12\">\n<div align=\"center\">14:30<\/div>\n<\/td>\n<td class=\"A_style12\">\n<div align=\"center\">30 Min<\/div>\n<\/td>\n<\/tr>\n<tr>\n<td class=\"A_style14\">\n<div align=\"center\">\n<div align=\"center\">Desobsess\u00e3o <strong>(*)<\/strong><\/div>\n<\/div>\n<\/td>\n<td class=\"A_style12\">\n<div align=\"center\">20:00<\/div>\n<\/td>\n<td class=\"A_style12\">\n<div align=\"center\">40&nbsp;Min<\/div>\n<\/td>\n<\/tr>\n<tr>\n<td class=\"A_style10\" colspan=\"3\" bgcolor=\"#0000ff\">\n<div align=\"center\"><span style=\"color: #ffffff;\"><strong>S\u00e1bado<\/strong><\/span><\/div>\n<\/td>\n<\/tr>\n<tr>\n<td class=\"A_style14\" width=\"213\">\n<div align=\"center\">\n<div align=\"center\">Desobsess\u00e3o <strong>(*)<\/strong><\/div>\n<\/div>\n<\/td>\n<td class=\"A_style12\" width=\"57\">\n<div align=\"center\">\n<div align=\"center\">09:30<\/div>\n<\/div>\n<\/td>\n<td class=\"A_style12\" width=\"141\">\n<div align=\"center\">\n<div align=\"center\">40 Min<\/div>\n<\/div>\n<\/td>\n<\/tr>\n<tr>\n<td class=\"A_style14\">\n<div align=\"center\">\n<div align=\"center\">Evangeliza\u00e7\u00e3o Juvenil<\/div>\n<\/div>\n<\/td>\n<td class=\"A_style12\">\n<div align=\"center\">\n<div align=\"center\">11:00<\/div>\n<\/div>\n<\/td>\n<td class=\"A_style12\">\n<div align=\"center\">\n<div align=\"center\">60 Min<\/div>\n<\/div>\n<\/td>\n<\/tr>\n<\/tbody>\n<\/table>\n<\/div>\n<\/td>\n<\/tr>\n<\/tbody>\n<\/table>\n<p><strong>(*) Estes Trabalhos tem Atendimento Fraterno<\/strong><\/p>\n<hr>\n<p style=\"text-align: center;\">&nbsp;<\/p>\n<div class=\"pvc_clear\"><\/div>\n<p id=\"pvc_stats_1197\" class=\"pvc_stats all  \" data-element-id=\"1197\" style=\"\"><i class=\"pvc-stats-icon medium\" aria-hidden=\"true\"><svg aria-hidden=\"true\" focusable=\"false\" data-prefix=\"far\" data-icon=\"chart-bar\" role=\"img\" xmlns=\"http:\/\/www.w3.org\/2000\/svg\" viewBox=\"0 0 512 512\" class=\"svg-inline--fa fa-chart-bar fa-w-16 fa-2x\"><path fill=\"currentColor\" d=\"M396.8 352h22.4c6.4 0 12.8-6.4 12.8-12.8V108.8c0-6.4-6.4-12.8-12.8-12.8h-22.4c-6.4 0-12.8 6.4-12.8 12.8v230.4c0 6.4 6.4 12.8 12.8 12.8zm-192 0h22.4c6.4 0 12.8-6.4 12.8-12.8V140.8c0-6.4-6.4-12.8-12.8-12.8h-22.4c-6.4 0-12.8 6.4-12.8 12.8v198.4c0 6.4 6.4 12.8 12.8 12.8zm96 0h22.4c6.4 0 12.8-6.4 12.8-12.8V204.8c0-6.4-6.4-12.8-12.8-12.8h-22.4c-6.4 0-12.8 6.4-12.8 12.8v134.4c0 6.4 6.4 12.8 12.8 12.8zM496 400H48V80c0-8.84-7.16-16-16-16H16C7.16 64 0 71.16 0 80v336c0 17.67 14.33 32 32 32h464c8.84 0 16-7.16 16-16v-16c0-8.84-7.16-16-16-16zm-387.2-48h22.4c6.4 0 12.8-6.4 12.8-12.8v-70.4c0-6.4-6.4-12.8-12.8-12.8h-22.4c-6.4 0-12.8 6.4-12.8 12.8v70.4c0 6.4 6.4 12.8 12.8 12.8z\" class=\"\"><\/path><\/svg><\/i> <img decoding=\"async\" width=\"16\" height=\"16\" alt=\"Loading\" data-src=\"https:\/\/www.centronocaminhodaluz.com.br\/wp-content\/plugins\/page-views-count\/ajax-loader-2x.gif\" border=0 src=\"data:image\/svg+xml;base64,PHN2ZyB3aWR0aD0iMSIgaGVpZ2h0PSIxIiB4bWxucz0iaHR0cDovL3d3dy53My5vcmcvMjAwMC9zdmciPjwvc3ZnPg==\" class=\"lazyload\" style=\"--smush-placeholder-width: 16px; --smush-placeholder-aspect-ratio: 16\/16;\" \/><\/p>\n<div class=\"pvc_clear\"><\/div>\n","protected":false},"excerpt":{"rendered":"<p>Destina-se ao atendimento de pessoas que buscam elucida\u00e7\u00f5es esp\u00edritas para os seus problemas \u00edntimos, dificuldades existenciais, conflitos e anseios. As pessoas s\u00e3o recepcionadas e conduzidas a uma atividade de car\u00e1ter preparat\u00f3rio atrav\u00e9s de pequena palestra doutrin\u00e1ria e de passes. Encaminhadas para a entrevista, que se d\u00e1 de forma reservada, e durante a qual s\u00e3o esclarecidas&hellip; <br \/> <a class=\"read-more\" href=\"https:\/\/www.centronocaminhodaluz.com.br\/index.php\/atendimento-fraterno\/\">Leia mais<\/a><\/p>\n<div class=\"pvc_clear\"><\/div>\n<p id=\"pvc_stats_1197\" class=\"pvc_stats all  \" data-element-id=\"1197\" style=\"\"><i class=\"pvc-stats-icon medium\" aria-hidden=\"true\"><svg aria-hidden=\"true\" focusable=\"false\" data-prefix=\"far\" data-icon=\"chart-bar\" role=\"img\" xmlns=\"http:\/\/www.w3.org\/2000\/svg\" viewBox=\"0 0 512 512\" class=\"svg-inline--fa fa-chart-bar fa-w-16 fa-2x\"><path fill=\"currentColor\" d=\"M396.8 352h22.4c6.4 0 12.8-6.4 12.8-12.8V108.8c0-6.4-6.4-12.8-12.8-12.8h-22.4c-6.4 0-12.8 6.4-12.8 12.8v230.4c0 6.4 6.4 12.8 12.8 12.8zm-192 0h22.4c6.4 0 12.8-6.4 12.8-12.8V140.8c0-6.4-6.4-12.8-12.8-12.8h-22.4c-6.4 0-12.8 6.4-12.8 12.8v198.4c0 6.4 6.4 12.8 12.8 12.8zm96 0h22.4c6.4 0 12.8-6.4 12.8-12.8V204.8c0-6.4-6.4-12.8-12.8-12.8h-22.4c-6.4 0-12.8 6.4-12.8 12.8v134.4c0 6.4 6.4 12.8 12.8 12.8zM496 400H48V80c0-8.84-7.16-16-16-16H16C7.16 64 0 71.16 0 80v336c0 17.67 14.33 32 32 32h464c8.84 0 16-7.16 16-16v-16c0-8.84-7.16-16-16-16zm-387.2-48h22.4c6.4 0 12.8-6.4 12.8-12.8v-70.4c0-6.4-6.4-12.8-12.8-12.8h-22.4c-6.4 0-12.8 6.4-12.8 12.8v70.4c0 6.4 6.4 12.8 12.8 12.8z\" class=\"\"><\/path><\/svg><\/i> <img decoding=\"async\" width=\"16\" height=\"16\" alt=\"Loading\" data-src=\"https:\/\/www.centronocaminhodaluz.com.br\/wp-content\/plugins\/page-views-count\/ajax-loader-2x.gif\" border=0 src=\"data:image\/svg+xml;base64,PHN2ZyB3aWR0aD0iMSIgaGVpZ2h0PSIxIiB4bWxucz0iaHR0cDovL3d3dy53My5vcmcvMjAwMC9zdmciPjwvc3ZnPg==\" class=\"lazyload\" style=\"--smush-placeholder-width: 16px; --smush-placeholder-aspect-ratio: 16\/16;\" \/><\/p>\n<div class=\"pvc_clear\"><\/div>\n","protected":false},"author":1,"featured_media":0,"parent":0,"menu_order":3,"comment_status":"closed","ping_status":"closed","template":"","meta":{"footnotes":""},"class_list":["post-1197","page","type-page","status-publish","hentry"],"a3_pvc":{"activated":true,"total_views":54307,"today_views":0},"_links":{"self":[{"href":"https:\/\/www.centronocaminhodaluz.com.br\/index.php\/wp-json\/wp\/v2\/pages\/1197","targetHints":{"allow":["GET"]}}],"collection":[{"href":"https:\/\/www.centronocaminhodaluz.com.br\/index.php\/wp-json\/wp\/v2\/pages"}],"about":[{"href":"https:\/\/www.centronocaminhodaluz.com.br\/index.php\/wp-json\/wp\/v2\/types\/page"}],"author":[{"embeddable":true,"href":"https:\/\/www.centronocaminhodaluz.com.br\/index.php\/wp-json\/wp\/v2\/users\/1"}],"replies":[{"embeddable":true,"href":"https:\/\/www.centronocaminhodaluz.com.br\/index.php\/wp-json\/wp\/v2\/comments?post=1197"}],"version-history":[{"count":0,"href":"https:\/\/www.centronocaminhodaluz.com.br\/index.php\/wp-json\/wp\/v2\/pages\/1197\/revisions"}],"wp:attachment":[{"href":"https:\/\/www.centronocaminhodaluz.com.br\/index.php\/wp-json\/wp\/v2\/media?parent=1197"}],"curies":[{"name":"wp","href":"https:\/\/api.w.org\/{rel}","templated":true}]}}