{"id":1216,"date":"2015-12-16T15:32:16","date_gmt":"2015-12-16T17:32:16","guid":{"rendered":"http:\/\/www.centronocaminhodaluz.com.br\/?page_id=1216"},"modified":"2015-12-16T15:32:16","modified_gmt":"2015-12-16T17:32:16","slug":"allan-kardec","status":"publish","type":"page","link":"https:\/\/www.centronocaminhodaluz.com.br\/index.php\/allan-kardec\/","title":{"rendered":"Allan Kardec"},"content":{"rendered":"<h3 class=\"post-title entry-title\">Allan Kardec, O Codificador do Espiritismo<\/h3>\n<div id=\"post-body-3054497501478841968\" class=\"post-body entry-content\">\n<table align=\"center\">\n<tbody>\n<tr>\n<td>\n<blockquote>\n<div align=\"center\"><span class=\"conteudoconteudo\">\u00a0<\/span><\/div>\n<div align=\"justify\"><span class=\"conteudoconteudo\">\u00a0<\/span><\/div>\n<div align=\"justify\"><span class=\"conteudoconteudo\">Hippolyte L\u00e9on Denizard Rivail nasceu em Lyon, Fran\u00e7a, em 3 de outubro de 1804. Estudou em Yverdun (Su\u00ed\u00e7a) com o c\u00e9lebre Johann Heinrich Pestalozzi, de quem se tornou um eminente disc\u00edpulo e colaborador. Aplicou-se \u00e0 propaganda do sistema de educa\u00e7\u00e3o que exerceu t\u00e3o grande influ\u00eancia sobre a reforma dos estudos na Fran\u00e7a e na Alemanha. Ling\u00fcista insigne, falava alem\u00e3o, ingl\u00eas, italiano, espanhol e holand\u00eas. Traduziu para o alem\u00e3o excertos de autores cl\u00e1ssicos franceses, especialmente os escritos de F\u00e9nelon (Fran\u00e7ois de Salignac de la Mothe).<\/span><\/div>\n<div align=\"center\"><span class=\"conteudoconteudo\"><strong>Rivail, o educador<\/strong><\/span><\/div>\n<div align=\"justify\"><span class=\"conteudoconteudo\">Fundou em Paris \u2013 com sua esposa Am\u00e9lie Gabrielle Boudet \u2013 um estabelecimento semelhante ao de Yverdun. Escreveu gram\u00e1ticas, aritm\u00e9ticas, estudos pedag\u00f3gicos superiores; traduziu obras inglesas e alem\u00e3s. Organizou, em sua casa, cursos gratuitos de qu\u00edmica, f\u00edsica, astronomia e anatomia comparada.<\/span><\/div>\n<div align=\"justify\"><span class=\"conteudoconteudo\">Membro de v\u00e1rias sociedades s\u00e1bias, notadamente da Academia Real de Arras, foi premiado, por concurso, em 1831, com a monografia Qual o sistema de estudo mais em harmonia com as necessidades da \u00e9poca? Dentre as suas obras, destacam-se: Plano apresentado para o melhoramento da instru\u00e7\u00e3o p\u00fablica (1828); Curso pr\u00e1tico e te\u00f3rico de aritm\u00e9tica (1829, segundo o m\u00e9todo de Pestalozzi); e Gram\u00e1tica francesa cl\u00e1ssica (1831).<\/span><\/div>\n<div align=\"center\"><span class=\"conteudoconteudo\"><strong>Kardec, o codificador<\/strong><\/span><\/div>\n<div align=\"justify\"><span class=\"conteudoconteudo\">Foi em 1854 que o Prof. Rivail ouviu falar das mesas girantes, fen\u00f4meno medi\u00fanico que agitava a Europa. Em Paris, ele fez os seus primeiros estudos do Espiritismo. Aplicou \u00e0 nova ci\u00eancia o m\u00e9todo da experimenta\u00e7\u00e3o: nunca formulou teorias pr\u00e9-concebidas, observava atentamente, comparava, deduzia as conseq\u00fc\u00eancias; procurava sempre a raz\u00e3o e a l\u00f3gica dos fatos. Interrogou os Esp\u00edritos, anotou e ordenou os dados que obteve. Por isso \u00e9 chamado Codificador do Espiritismo. Os autores da Doutrina s\u00e3o os Esp\u00edritos Superiores. A princ\u00edpio, Rivail objetivava apenas sua pr\u00f3pria instru\u00e7\u00e3o. Mais tarde, quando viu que tudo aquilo formava um conjunto e tomava as propor\u00e7\u00f5es de uma doutrina, decidiu publicar um livro, para instru\u00e7\u00e3o de todos. Assim, lan\u00e7ou O Livro dos Esp\u00edritos em 18 de abril de 1857, em Paris. Adotou o pseud\u00f4nimo Allan Kardec a fim de diferenciar a obra esp\u00edrita da produ\u00e7\u00e3o pedag\u00f3gica anteriormente publicada.<\/span><br \/>\n<span class=\"conteudoconteudo\">Em janeiro de 1858, Kardec lan\u00e7ou a Revue Spirite (Revista Esp\u00edrita) e fundou a Sociedade Parisiense de Estudos Esp\u00edritas. Em seguida, publicou O que \u00e9 o Espiritismo (1859), O Livro dos M\u00e9diuns (1861), O Evangelho segundo o Espiritismo (1864), O C\u00e9u e o Inferno (1865) e A G\u00eanese (1868). Kardec faleceu em Paris, em 31 de mar\u00e7o de 1869, aos 64 anos, em raz\u00e3o da ruptura de um aneurisma. Seu corpo est\u00e1 enterrado no cemit\u00e9rio P\u00e8re Lachaise, na capital francesa. Seus amigos reuniram textos in\u00e9ditos e anota\u00e7\u00f5es de Kardec no livro Obras P\u00f3stumas, que foi lan\u00e7ado em 1890.<\/span><\/div>\n<\/blockquote>\n<\/td>\n<\/tr>\n<\/tbody>\n<\/table>\n<\/div>\n<div class=\"pvc_clear\"><\/div>\n<p id=\"pvc_stats_1216\" class=\"pvc_stats all  \" data-element-id=\"1216\" style=\"\"><i class=\"pvc-stats-icon medium\" aria-hidden=\"true\"><svg aria-hidden=\"true\" focusable=\"false\" data-prefix=\"far\" data-icon=\"chart-bar\" role=\"img\" xmlns=\"http:\/\/www.w3.org\/2000\/svg\" viewBox=\"0 0 512 512\" class=\"svg-inline--fa fa-chart-bar fa-w-16 fa-2x\"><path fill=\"currentColor\" d=\"M396.8 352h22.4c6.4 0 12.8-6.4 12.8-12.8V108.8c0-6.4-6.4-12.8-12.8-12.8h-22.4c-6.4 0-12.8 6.4-12.8 12.8v230.4c0 6.4 6.4 12.8 12.8 12.8zm-192 0h22.4c6.4 0 12.8-6.4 12.8-12.8V140.8c0-6.4-6.4-12.8-12.8-12.8h-22.4c-6.4 0-12.8 6.4-12.8 12.8v198.4c0 6.4 6.4 12.8 12.8 12.8zm96 0h22.4c6.4 0 12.8-6.4 12.8-12.8V204.8c0-6.4-6.4-12.8-12.8-12.8h-22.4c-6.4 0-12.8 6.4-12.8 12.8v134.4c0 6.4 6.4 12.8 12.8 12.8zM496 400H48V80c0-8.84-7.16-16-16-16H16C7.16 64 0 71.16 0 80v336c0 17.67 14.33 32 32 32h464c8.84 0 16-7.16 16-16v-16c0-8.84-7.16-16-16-16zm-387.2-48h22.4c6.4 0 12.8-6.4 12.8-12.8v-70.4c0-6.4-6.4-12.8-12.8-12.8h-22.4c-6.4 0-12.8 6.4-12.8 12.8v70.4c0 6.4 6.4 12.8 12.8 12.8z\" class=\"\"><\/path><\/svg><\/i> <img decoding=\"async\" width=\"16\" height=\"16\" alt=\"Loading\" data-src=\"https:\/\/www.centronocaminhodaluz.com.br\/wp-content\/plugins\/page-views-count\/ajax-loader-2x.gif\" border=0 src=\"data:image\/svg+xml;base64,PHN2ZyB3aWR0aD0iMSIgaGVpZ2h0PSIxIiB4bWxucz0iaHR0cDovL3d3dy53My5vcmcvMjAwMC9zdmciPjwvc3ZnPg==\" class=\"lazyload\" style=\"--smush-placeholder-width: 16px; --smush-placeholder-aspect-ratio: 16\/16;\" \/><\/p>\n<div class=\"pvc_clear\"><\/div>\n","protected":false},"excerpt":{"rendered":"<p>Allan Kardec, O Codificador do Espiritismo \u00a0 \u00a0 Hippolyte L\u00e9on Denizard Rivail nasceu em Lyon, Fran\u00e7a, em 3 de outubro de 1804. Estudou em Yverdun (Su\u00ed\u00e7a) com o c\u00e9lebre Johann Heinrich Pestalozzi, de quem se tornou um eminente disc\u00edpulo e colaborador. Aplicou-se \u00e0 propaganda do sistema de educa\u00e7\u00e3o que exerceu t\u00e3o grande influ\u00eancia sobre a&hellip; <br \/> <a class=\"read-more\" href=\"https:\/\/www.centronocaminhodaluz.com.br\/index.php\/allan-kardec\/\">Leia mais<\/a><\/p>\n<div class=\"pvc_clear\"><\/div>\n<p id=\"pvc_stats_1216\" class=\"pvc_stats all  \" data-element-id=\"1216\" style=\"\"><i class=\"pvc-stats-icon medium\" aria-hidden=\"true\"><svg aria-hidden=\"true\" focusable=\"false\" data-prefix=\"far\" data-icon=\"chart-bar\" role=\"img\" xmlns=\"http:\/\/www.w3.org\/2000\/svg\" viewBox=\"0 0 512 512\" class=\"svg-inline--fa fa-chart-bar fa-w-16 fa-2x\"><path fill=\"currentColor\" d=\"M396.8 352h22.4c6.4 0 12.8-6.4 12.8-12.8V108.8c0-6.4-6.4-12.8-12.8-12.8h-22.4c-6.4 0-12.8 6.4-12.8 12.8v230.4c0 6.4 6.4 12.8 12.8 12.8zm-192 0h22.4c6.4 0 12.8-6.4 12.8-12.8V140.8c0-6.4-6.4-12.8-12.8-12.8h-22.4c-6.4 0-12.8 6.4-12.8 12.8v198.4c0 6.4 6.4 12.8 12.8 12.8zm96 0h22.4c6.4 0 12.8-6.4 12.8-12.8V204.8c0-6.4-6.4-12.8-12.8-12.8h-22.4c-6.4 0-12.8 6.4-12.8 12.8v134.4c0 6.4 6.4 12.8 12.8 12.8zM496 400H48V80c0-8.84-7.16-16-16-16H16C7.16 64 0 71.16 0 80v336c0 17.67 14.33 32 32 32h464c8.84 0 16-7.16 16-16v-16c0-8.84-7.16-16-16-16zm-387.2-48h22.4c6.4 0 12.8-6.4 12.8-12.8v-70.4c0-6.4-6.4-12.8-12.8-12.8h-22.4c-6.4 0-12.8 6.4-12.8 12.8v70.4c0 6.4 6.4 12.8 12.8 12.8z\" class=\"\"><\/path><\/svg><\/i> <img decoding=\"async\" width=\"16\" height=\"16\" alt=\"Loading\" data-src=\"https:\/\/www.centronocaminhodaluz.com.br\/wp-content\/plugins\/page-views-count\/ajax-loader-2x.gif\" border=0 src=\"data:image\/svg+xml;base64,PHN2ZyB3aWR0aD0iMSIgaGVpZ2h0PSIxIiB4bWxucz0iaHR0cDovL3d3dy53My5vcmcvMjAwMC9zdmciPjwvc3ZnPg==\" class=\"lazyload\" style=\"--smush-placeholder-width: 16px; --smush-placeholder-aspect-ratio: 16\/16;\" \/><\/p>\n<div class=\"pvc_clear\"><\/div>\n","protected":false},"author":1,"featured_media":0,"parent":0,"menu_order":9,"comment_status":"Closed","ping_status":"closed","template":"","meta":{"footnotes":""},"class_list":["post-1216","page","type-page","status-publish","hentry"],"a3_pvc":{"activated":true,"total_views":27686,"today_views":0},"_links":{"self":[{"href":"https:\/\/www.centronocaminhodaluz.com.br\/index.php\/wp-json\/wp\/v2\/pages\/1216","targetHints":{"allow":["GET"]}}],"collection":[{"href":"https:\/\/www.centronocaminhodaluz.com.br\/index.php\/wp-json\/wp\/v2\/pages"}],"about":[{"href":"https:\/\/www.centronocaminhodaluz.com.br\/index.php\/wp-json\/wp\/v2\/types\/page"}],"author":[{"embeddable":true,"href":"https:\/\/www.centronocaminhodaluz.com.br\/index.php\/wp-json\/wp\/v2\/users\/1"}],"replies":[{"embeddable":true,"href":"https:\/\/www.centronocaminhodaluz.com.br\/index.php\/wp-json\/wp\/v2\/comments?post=1216"}],"version-history":[{"count":0,"href":"https:\/\/www.centronocaminhodaluz.com.br\/index.php\/wp-json\/wp\/v2\/pages\/1216\/revisions"}],"wp:attachment":[{"href":"https:\/\/www.centronocaminhodaluz.com.br\/index.php\/wp-json\/wp\/v2\/media?parent=1216"}],"curies":[{"name":"wp","href":"https:\/\/api.w.org\/{rel}","templated":true}]}}