{"id":1218,"date":"2015-12-16T15:33:52","date_gmt":"2015-12-16T17:33:52","guid":{"rendered":"http:\/\/www.centronocaminhodaluz.com.br\/?page_id=1218"},"modified":"2015-12-16T15:33:52","modified_gmt":"2015-12-16T17:33:52","slug":"o-que-e-o-espiritismo","status":"publish","type":"page","link":"https:\/\/www.centronocaminhodaluz.com.br\/index.php\/o-que-e-o-espiritismo\/","title":{"rendered":"O que \u00e9 o Espiritismo"},"content":{"rendered":"<div id=\"post-body-9069266190037514562\" class=\"post-body entry-content\">\n<div>\n<ul class=\"style5\" type=\"disc\">\n<li class=\"style7\">\u00c9 o conjunto de princ\u00edpios e leis, revelados pelos Esp\u00edritos Superiores, contidos nas obras de Allan Kardec, que constituem a Codifica\u00e7\u00e3o Esp\u00edrita:\u00a0<em>O Livro dos Esp\u00edritos, O Livro dos M\u00e9diuns, O Evangelho Segundo o Espiritismo, O C\u00e9u e o Inferno e A G\u00eanese<\/em>.<\/li>\n<li class=\"style7\">\u00c9 o Consolador prometido, que veio, no devido tempo, recordar e complementar o que Jesus ensinou, &#8220;restabelecendo todas as coisas no seu verdadeiro sentido&#8221;, trazendo, assim, \u00e0 Humanidade as bases reais para sua espiritualiza\u00e7\u00e3o.\u00a0 Consulte a obra\u00a0<a href=\"http:\/\/www.centronocaminhodaluz.com.br\/livros\/Allan%20Kardec%200%20que%20%C3%A9%20o%20Espiritismo.pdf\" target=\"_blank\">&#8220;O que \u00e9 o Espiritismo de Allan Kardek&#8221;<\/a>\u00a0(clique no Link)<\/li>\n<\/ul>\n<div class=\"style9\">O que revela?<\/div>\n<ul class=\"style9\" type=\"disc\">\n<li>Revela conceitos novos e mais aprofundados a respeito de Deus, do Universo, dos Homens, dos Esp\u00edritos e das Leis que regem a vida.<\/li>\n<li>Revela, ainda, o que somos, de onde viemos, para onde vamos, qual o objetivo da exist\u00eancia terrena e qual a raz\u00e3o da dor e do sofrimento.<\/li>\n<\/ul>\n<div class=\"style9\">Qual a sua abrang\u00eancia?<\/div>\n<ul class=\"style9\" type=\"disc\">\n<li>Trazendo conceitos novos sobre o homem e tudo o que o cerca, o Espiritismo toca em todas as \u00e1reas do conhecimento, das atividades e do comportamento humanos.<\/li>\n<li>Pode e deve ser estudado, analisado e praticado em todos os aspectos fundamentais da vida, tais como: cient\u00edfico, filos\u00f3fico, religioso, \u00e9tico, moral, educacional, social.<\/li>\n<\/ul>\n<div class=\"style9\">O que o Espiritismo ensina?<\/div>\n<blockquote class=\"style7\">\n<div class=\"style6\"><span class=\"style6\">Pontos fundamentais:<\/span><\/div>\n<ul>\n<li class=\"style6\">Deus \u00e9 a intelig\u00eancia suprema e causa prim\u00e1ria de todas as coisas. \u00c9 eterno, imut\u00e1vel, imaterial, \u00fanico, onipotente, soberanamente justo e bom.<\/li>\n<li class=\"style6\">O Universo \u00e9 cria\u00e7\u00e3o de Deus. Abrange todos os seres racionais e irracionais, animados e inanimados, materiais e imateriais.<\/li>\n<li class=\"style6\">Al\u00e9m do mundo corporal, habita\u00e7\u00e3o dos Esp\u00edritos encarnados (Homens), existe o mundo espiritual, habita\u00e7\u00e3o dos Esp\u00edritos desencarnados.<\/li>\n<li class=\"style6\">No Universo h\u00e1 outros mundos habitados, com seres de diferentes graus de evolu\u00e7\u00e3o: iguais, mais evolu\u00eddos e menos evolu\u00eddos que os homens.<\/li>\n<li class=\"style6\">Todas as leis da Natureza s\u00e3o leis divinas, pois que Deus \u00e9 o seu autor. Abrangem tanto as leis f\u00edsicas como as leis morais.<\/li>\n<li class=\"style6\">O homem \u00e9 um Esp\u00edrito encarnado em um corpo material. O perisp\u00edrito \u00e9 o corpo semimaterial que une o Esp\u00edrito ao corpo material.<\/li>\n<li class=\"style6\">Os Esp\u00edritos s\u00e3o os seres inteligentes da cria\u00e7\u00e3o. Constituem o mundo dos Esp\u00edritos, que preexiste e sobrevive a tudo.<\/li>\n<li class=\"style6\">Os Esp\u00edritos s\u00e3o criados simples e ignorantes, evoluem intelectual e moralmente, passando de uma ordem inferior para outra mais elevada, at\u00e9 a perfei\u00e7\u00e3o, onde gozam de inalter\u00e1vel felicidade.<\/li>\n<li class=\"style6\">Os Esp\u00edritos preservam sua individualidade, antes, durante e depois de cada encarna\u00e7\u00e3o.<\/li>\n<li class=\"style6\">Os Esp\u00edritos reencarnam tantas vezes quantas forem necess\u00e1rias ao seu pr\u00f3prio aprimoramento.<\/li>\n<li class=\"style6\">Os Esp\u00edritos evoluem sempre. Em suas m\u00faltiplas exist\u00eancias corp\u00f3reas podem estacionar, mas nunca regridem. A rapidez do seu progresso, intelectual e moral, depende dos esfor\u00e7os que fa\u00e7a para chegar \u00e0 perfei\u00e7\u00e3o.<\/li>\n<li class=\"style6\">Os Esp\u00edritos pertencem a diferentes ordens, conforme o grau de perfei\u00e7\u00e3o a que tenham alcan\u00e7ado: Esp\u00edritos Puros, que atingiram a perfei\u00e7\u00e3o m\u00e1xima; Bons Esp\u00edritos, nos quais o desejo do bem \u00e9 o que predomina; Esp\u00edritos imperfeitos, caracterizados pela ignor\u00e2ncia, pelo desejo do mal e pelas paix\u00f5es inferiores.<\/li>\n<li class=\"style6\">As rela\u00e7\u00f5es dos Esp\u00edritos com os homens s\u00e3o constantes, e sempre existiram. Os bons Esp\u00edritos nos atraem para o bem, nos sustentam nas provas da vida e nos ajudam a suport\u00e1-las com coragem e resigna\u00e7\u00e3o. Os imperfeitos nos impelem para o mal.<\/li>\n<li class=\"style6\">Jesus \u00e9 o guia e modelo para toda a Humanidade. E a Doutrina que ensinou e exemplificou \u00e9 a express\u00e3o mais pura da Lei de Deus.<\/li>\n<li class=\"style6\">A moral do Cristo, contida no Evangelho, \u00e9 o roteiro para a evolu\u00e7\u00e3o segura de todos os homens, e a sua pr\u00e1tica \u00e9 a solu\u00e7\u00e3o para todos os problemas humanos e o objetivo a ser atingido pela humanidade.<\/li>\n<li class=\"style6\">O homem tem o livre-arb\u00edtrio para agir, mas responde pelas conseq\u00fc\u00eancias de suas a\u00e7\u00f5es.<\/li>\n<li class=\"style6\">A vida futura reserva aos homens penas e gozos compat\u00edveis com o procedimento de respeito ou n\u00e3o \u00e0 Lei de Deus.<\/li>\n<li class=\"style6\">A prece \u00e9 um ato de adora\u00e7\u00e3o a Deus. Est\u00e1 na lei natural, e \u00e9 o resultado de um sentimento inato do homem, assim como \u00e9 inata a id\u00e9ia da exist\u00eancia do Criador.<\/li>\n<li class=\"style6\">A prece torna melhor o homem. Aquele que ora com fervor e confian\u00e7a se faz mais forte contra as tenta\u00e7\u00f5es do mal e Deus lhe envia bons Esp\u00edritos para assist\u00ed-lo. \u00c9 este um socorro que jamais se lhe recusa, quando pedido com sinceridade.<\/li>\n<\/ul>\n<\/blockquote>\n<div class=\"style9\">Pr\u00e1tica Esp\u00edrita<\/div>\n<ul class=\"style9\" type=\"disc\">\n<li>Toda a pr\u00e1tica esp\u00edrita \u00e9 gratuita, dentro do princ\u00edpio do Evangelho: &#8220;Dai de gra\u00e7a o que de gra\u00e7a recebestes&#8221;.<\/li>\n<li>A pr\u00e1tica esp\u00edrita \u00e9 realizada sem nenhum culto exterior, dentro do princ\u00edpio crist\u00e3o de que Deus deve ser adorado em esp\u00edrito e verdade.<\/li>\n<li>O Espiritismo n\u00e3o tem corpo sacerdotal e n\u00e3o adota e nem usa em suas reuni\u00f5es e em suas pr\u00e1ticas: paramentos, bebidas alc\u00f3olicas, incenso, fumo, altares, imagens, andores, velas, prociss\u00f5es, talism\u00e3s, amuletos, sacramentos, concess\u00f5es de indug\u00eancia, hor\u00f3scopos, cartomancia, pir\u00e2mides, cristais, b\u00fazios, rituais, ou quaisquer outras formas de culto exterior.<\/li>\n<li>O Espiritismo n\u00e3o imp\u00f5e os seus princ\u00edpios. Convida os interessados em conhec\u00e9-lo a submeter os seus ensinos ao crivo da raz\u00e3o antes de aceit\u00e1-los.<\/li>\n<li>A mediunidade, que permite a comunica\u00e7\u00e3o dos Esp\u00edritos com os homens, \u00e9 um dom que muitas pessoas trazem consigo ao nascer, independentemente da diretriz doutrin\u00e1ria de vida que adote.<\/li>\n<li>Pr\u00e1tica medi\u00fanica esp\u00edrita s\u00f3 \u00e9 aquela que \u00e9 exercida com base nos princ\u00edpios da Doutrina Esp\u00edrita e dentro da moral crist\u00e3.<\/li>\n<li>O Espiritismo respeita todas as religi\u00f5es, valoriza todos os esfor\u00e7os para a pr\u00e1tica do bem, trabalha pela confraterniza\u00e7\u00e3o entre todos os homens independentemente de sua ra\u00e7a, cor, nacionalidade, cren\u00e7a ou n\u00edvel cultural e social, e reconhece que &#8220;o verdadeiro homem de bem \u00e9 o que cumpre a lei de justi\u00e7a, de amor e de caridade, na sua maior pureza&#8221;.<\/li>\n<\/ul>\n<div class=\"style9\"><\/div>\n<div class=\"style9\" align=\"center\"><em>&#8220;Nascer, morrer, renascer, ainda, e progredir sempre, tal \u00e9 a lei.&#8221;<\/em><\/div>\n<div class=\"style9\" align=\"center\"><em>&#8220;F\u00e9 inabal\u00e1vel s\u00f3 o \u00e9 a que pode encarar frente a frente a raz\u00e3o, em todas as \u00e9pocas da Humanidade.&#8221;<\/em><\/div>\n<div class=\"style9\" align=\"center\"><em>&#8220;Fora da caridade n\u00e3o h\u00e1 salva\u00e7\u00e3o.&#8221;<\/em><\/div>\n<div align=\"center\"><span class=\"style9\"><br \/>\nO estudo das obras de Allan Kardec \u00e9 fundamental para o correto conhecimento da<br \/>\nDoutrina Esp\u00edrita.<\/span><\/div>\n<\/div>\n<\/div>\n<div class=\"pvc_clear\"><\/div>\n<p id=\"pvc_stats_1218\" class=\"pvc_stats all  \" data-element-id=\"1218\" style=\"\"><i class=\"pvc-stats-icon medium\" aria-hidden=\"true\"><svg aria-hidden=\"true\" focusable=\"false\" data-prefix=\"far\" data-icon=\"chart-bar\" role=\"img\" xmlns=\"http:\/\/www.w3.org\/2000\/svg\" viewBox=\"0 0 512 512\" class=\"svg-inline--fa fa-chart-bar fa-w-16 fa-2x\"><path fill=\"currentColor\" d=\"M396.8 352h22.4c6.4 0 12.8-6.4 12.8-12.8V108.8c0-6.4-6.4-12.8-12.8-12.8h-22.4c-6.4 0-12.8 6.4-12.8 12.8v230.4c0 6.4 6.4 12.8 12.8 12.8zm-192 0h22.4c6.4 0 12.8-6.4 12.8-12.8V140.8c0-6.4-6.4-12.8-12.8-12.8h-22.4c-6.4 0-12.8 6.4-12.8 12.8v198.4c0 6.4 6.4 12.8 12.8 12.8zm96 0h22.4c6.4 0 12.8-6.4 12.8-12.8V204.8c0-6.4-6.4-12.8-12.8-12.8h-22.4c-6.4 0-12.8 6.4-12.8 12.8v134.4c0 6.4 6.4 12.8 12.8 12.8zM496 400H48V80c0-8.84-7.16-16-16-16H16C7.16 64 0 71.16 0 80v336c0 17.67 14.33 32 32 32h464c8.84 0 16-7.16 16-16v-16c0-8.84-7.16-16-16-16zm-387.2-48h22.4c6.4 0 12.8-6.4 12.8-12.8v-70.4c0-6.4-6.4-12.8-12.8-12.8h-22.4c-6.4 0-12.8 6.4-12.8 12.8v70.4c0 6.4 6.4 12.8 12.8 12.8z\" class=\"\"><\/path><\/svg><\/i> <img decoding=\"async\" width=\"16\" height=\"16\" alt=\"Loading\" data-src=\"https:\/\/www.centronocaminhodaluz.com.br\/wp-content\/plugins\/page-views-count\/ajax-loader-2x.gif\" border=0 src=\"data:image\/svg+xml;base64,PHN2ZyB3aWR0aD0iMSIgaGVpZ2h0PSIxIiB4bWxucz0iaHR0cDovL3d3dy53My5vcmcvMjAwMC9zdmciPjwvc3ZnPg==\" class=\"lazyload\" style=\"--smush-placeholder-width: 16px; --smush-placeholder-aspect-ratio: 16\/16;\" \/><\/p>\n<div class=\"pvc_clear\"><\/div>\n","protected":false},"excerpt":{"rendered":"<p>\u00c9 o conjunto de princ\u00edpios e leis, revelados pelos Esp\u00edritos Superiores, contidos nas obras de Allan Kardec, que constituem a Codifica\u00e7\u00e3o Esp\u00edrita:\u00a0O Livro dos Esp\u00edritos, O Livro dos M\u00e9diuns, O Evangelho Segundo o Espiritismo, O C\u00e9u e o Inferno e A G\u00eanese. \u00c9 o Consolador prometido, que veio, no devido tempo, recordar e complementar o&hellip; <br \/> <a class=\"read-more\" href=\"https:\/\/www.centronocaminhodaluz.com.br\/index.php\/o-que-e-o-espiritismo\/\">Leia mais<\/a><\/p>\n<div class=\"pvc_clear\"><\/div>\n<p id=\"pvc_stats_1218\" class=\"pvc_stats all  \" data-element-id=\"1218\" style=\"\"><i class=\"pvc-stats-icon medium\" aria-hidden=\"true\"><svg aria-hidden=\"true\" focusable=\"false\" data-prefix=\"far\" data-icon=\"chart-bar\" role=\"img\" xmlns=\"http:\/\/www.w3.org\/2000\/svg\" viewBox=\"0 0 512 512\" class=\"svg-inline--fa fa-chart-bar fa-w-16 fa-2x\"><path fill=\"currentColor\" d=\"M396.8 352h22.4c6.4 0 12.8-6.4 12.8-12.8V108.8c0-6.4-6.4-12.8-12.8-12.8h-22.4c-6.4 0-12.8 6.4-12.8 12.8v230.4c0 6.4 6.4 12.8 12.8 12.8zm-192 0h22.4c6.4 0 12.8-6.4 12.8-12.8V140.8c0-6.4-6.4-12.8-12.8-12.8h-22.4c-6.4 0-12.8 6.4-12.8 12.8v198.4c0 6.4 6.4 12.8 12.8 12.8zm96 0h22.4c6.4 0 12.8-6.4 12.8-12.8V204.8c0-6.4-6.4-12.8-12.8-12.8h-22.4c-6.4 0-12.8 6.4-12.8 12.8v134.4c0 6.4 6.4 12.8 12.8 12.8zM496 400H48V80c0-8.84-7.16-16-16-16H16C7.16 64 0 71.16 0 80v336c0 17.67 14.33 32 32 32h464c8.84 0 16-7.16 16-16v-16c0-8.84-7.16-16-16-16zm-387.2-48h22.4c6.4 0 12.8-6.4 12.8-12.8v-70.4c0-6.4-6.4-12.8-12.8-12.8h-22.4c-6.4 0-12.8 6.4-12.8 12.8v70.4c0 6.4 6.4 12.8 12.8 12.8z\" class=\"\"><\/path><\/svg><\/i> <img decoding=\"async\" width=\"16\" height=\"16\" alt=\"Loading\" data-src=\"https:\/\/www.centronocaminhodaluz.com.br\/wp-content\/plugins\/page-views-count\/ajax-loader-2x.gif\" border=0 src=\"data:image\/svg+xml;base64,PHN2ZyB3aWR0aD0iMSIgaGVpZ2h0PSIxIiB4bWxucz0iaHR0cDovL3d3dy53My5vcmcvMjAwMC9zdmciPjwvc3ZnPg==\" class=\"lazyload\" style=\"--smush-placeholder-width: 16px; --smush-placeholder-aspect-ratio: 16\/16;\" \/><\/p>\n<div class=\"pvc_clear\"><\/div>\n","protected":false},"author":1,"featured_media":0,"parent":0,"menu_order":9,"comment_status":"Closed","ping_status":"closed","template":"","meta":{"footnotes":""},"class_list":["post-1218","page","type-page","status-publish","hentry"],"a3_pvc":{"activated":true,"total_views":9227,"today_views":0},"_links":{"self":[{"href":"https:\/\/www.centronocaminhodaluz.com.br\/index.php\/wp-json\/wp\/v2\/pages\/1218","targetHints":{"allow":["GET"]}}],"collection":[{"href":"https:\/\/www.centronocaminhodaluz.com.br\/index.php\/wp-json\/wp\/v2\/pages"}],"about":[{"href":"https:\/\/www.centronocaminhodaluz.com.br\/index.php\/wp-json\/wp\/v2\/types\/page"}],"author":[{"embeddable":true,"href":"https:\/\/www.centronocaminhodaluz.com.br\/index.php\/wp-json\/wp\/v2\/users\/1"}],"replies":[{"embeddable":true,"href":"https:\/\/www.centronocaminhodaluz.com.br\/index.php\/wp-json\/wp\/v2\/comments?post=1218"}],"version-history":[{"count":0,"href":"https:\/\/www.centronocaminhodaluz.com.br\/index.php\/wp-json\/wp\/v2\/pages\/1218\/revisions"}],"wp:attachment":[{"href":"https:\/\/www.centronocaminhodaluz.com.br\/index.php\/wp-json\/wp\/v2\/media?parent=1218"}],"curies":[{"name":"wp","href":"https:\/\/api.w.org\/{rel}","templated":true}]}}