{"id":1222,"date":"2015-12-16T15:38:23","date_gmt":"2015-12-16T17:38:23","guid":{"rendered":"http:\/\/www.centronocaminhodaluz.com.br\/?page_id=1222"},"modified":"2015-12-16T15:38:23","modified_gmt":"2015-12-16T17:38:23","slug":"origem-do-espiritismo","status":"publish","type":"page","link":"https:\/\/www.centronocaminhodaluz.com.br\/index.php\/origem-do-espiritismo\/","title":{"rendered":"Origem do Espiritismo"},"content":{"rendered":"<h3 class=\"post-title entry-title\"><\/h3>\n<div id=\"post-body-1911765323929009875\" class=\"post-body entry-content\">\n<table align=\"center\">\n<tbody>\n<tr>\n<td><\/td>\n<\/tr>\n<tr>\n<td>\n<blockquote><p>\nNo s\u00e9culo 19, um fen\u00f4meno agitou a Europa: as mesas girantes. Nos sal\u00f5es elegantes, ap\u00f3s os saraus, as mesas eram alvo de curiosidade e de extensas reportagens, pois moviam-se, erguiam-se no ar e respondiam a quest\u00f5es mediante batidas no ch\u00e3o (tiptologia). O fen\u00f4meno chamou a aten\u00e7\u00e3o de um pesquisador s\u00e9rio, disc\u00edpulo do c\u00e9lebre Johann Pestalozzi: Hippolyte Leon Denizard Rivail.<br \/>\nRivail, pedagogo franc\u00eas, fluente em diversos idiomas, autor de livros did\u00e1ticos e adepto de rigoroso m\u00e9todo de investiga\u00e7\u00e3o cient\u00edfica n\u00e3o aceitou de imediato os fen\u00f4menos das mesas girantes, mas estudou-os atentamente, observou que uma for\u00e7a inteligente as movia e investigou a natureza dessa for\u00e7a, que se identificou como os \u201cEsp\u00edritos dos homens\u201d que haviam morrido. Rivail fez centenas de perguntas aos Esp\u00edritos, analisou as respostas, comparou-as e codificou-as, tudo submetendo ao crivo da raz\u00e3o, n\u00e3o aceitando e n\u00e3o divulgando nada que n\u00e3o passasse por esse crivo. Assim nasceu O Livro dos Esp\u00edritos. O professor Rivail imortalizou-se adotando o pseud\u00f4nimo de Allan Kardec. A Doutrina codificada por ele tem car\u00e1ter cient\u00edfico, religioso e filos\u00f3fico. Essa proposta de alian\u00e7a da Ci\u00eancia com a Religi\u00e3o est\u00e1 expressa em uma das m\u00e1ximas de Kardec, no livro \u201cA G\u00eanese\u201d: &#8220;O espiritismo, marchando com o progresso, jamais ser\u00e1 ultrapassado porque, se novas descobertas demonstrassem estar em erro sobre um certo ponto, ele se modificaria sobre esse ponto; se uma nova verdade se revelar, ele a aceitar\u00e1&#8221;.<br \/>\n<strong>O ESPIRITISMO NO BRASIL<\/strong><br \/>\nDivulgado em praticamente toda a Europa no s\u00e9culo XIX, o Espiritismo chegou ao Brasil em 1865. Hoje, o Pa\u00eds \u00e9 o que re\u00fane o maior n\u00famero de esp\u00edritas em todo o mundo. A Federa\u00e7\u00e3o Esp\u00edrita Brasileira \u2013 entidade de \u00e2mbito nacional do Movimento Esp\u00edrita \u2013 congrega aproximadamente dez mil Institui\u00e7\u00f5es Esp\u00edritas, espalhadas por todas as regi\u00f5es do Pa\u00eds.<br \/>\nAtualmente, o Brasil possui 2,3 milh\u00f5es de esp\u00edritas, de acordo com o Censo 2000, realizado pelo Instituto Brasileiro de Geografia e Estat\u00edstica (IBGE). Terceiro maior grupo religioso do Pa\u00eds, os esp\u00edritas s\u00e3o, tamb\u00e9m, o segmento social que t\u00eam maior renda e escolaridade, segundo os dados do mesmo Censo.<br \/>\nOs esp\u00edritas t\u00eam sua imagem fortemente associada \u00e0 pr\u00e1tica do bem e da caridade. Eles mant\u00eam em todos os Estados brasileiros asilos, orfanatos, escolas para pessoas carentes, creches e outras institui\u00e7\u00f5es de assist\u00eancia e promo\u00e7\u00e3o social.<br \/>\nAllan Kardec, o Codificador do Espiritismo, \u00e9 uma personalidade bastante conhecida e respeitada no Brasil. Seus livros j\u00e1 venderam mais de 20 milh\u00f5es de exemplares em todo o Pa\u00eds. Se forem contabilizados os demais livros esp\u00edritas, todos decorrentes das obras de Allan Kardec, o mercado editorial brasileiro esp\u00edrita ultrapassa 4.000 t\u00edtulos j\u00e1 editados e mais de 100 milh\u00f5es de exemplares vendidos.<\/p><\/blockquote>\n<\/td>\n<\/tr>\n<\/tbody>\n<\/table>\n<\/div>\n<div class=\"pvc_clear\"><\/div>\n<p id=\"pvc_stats_1222\" class=\"pvc_stats all  \" data-element-id=\"1222\" style=\"\"><i class=\"pvc-stats-icon medium\" aria-hidden=\"true\"><svg aria-hidden=\"true\" focusable=\"false\" data-prefix=\"far\" data-icon=\"chart-bar\" role=\"img\" xmlns=\"http:\/\/www.w3.org\/2000\/svg\" viewBox=\"0 0 512 512\" class=\"svg-inline--fa fa-chart-bar fa-w-16 fa-2x\"><path fill=\"currentColor\" d=\"M396.8 352h22.4c6.4 0 12.8-6.4 12.8-12.8V108.8c0-6.4-6.4-12.8-12.8-12.8h-22.4c-6.4 0-12.8 6.4-12.8 12.8v230.4c0 6.4 6.4 12.8 12.8 12.8zm-192 0h22.4c6.4 0 12.8-6.4 12.8-12.8V140.8c0-6.4-6.4-12.8-12.8-12.8h-22.4c-6.4 0-12.8 6.4-12.8 12.8v198.4c0 6.4 6.4 12.8 12.8 12.8zm96 0h22.4c6.4 0 12.8-6.4 12.8-12.8V204.8c0-6.4-6.4-12.8-12.8-12.8h-22.4c-6.4 0-12.8 6.4-12.8 12.8v134.4c0 6.4 6.4 12.8 12.8 12.8zM496 400H48V80c0-8.84-7.16-16-16-16H16C7.16 64 0 71.16 0 80v336c0 17.67 14.33 32 32 32h464c8.84 0 16-7.16 16-16v-16c0-8.84-7.16-16-16-16zm-387.2-48h22.4c6.4 0 12.8-6.4 12.8-12.8v-70.4c0-6.4-6.4-12.8-12.8-12.8h-22.4c-6.4 0-12.8 6.4-12.8 12.8v70.4c0 6.4 6.4 12.8 12.8 12.8z\" class=\"\"><\/path><\/svg><\/i> <img decoding=\"async\" width=\"16\" height=\"16\" alt=\"Loading\" data-src=\"https:\/\/www.centronocaminhodaluz.com.br\/wp-content\/plugins\/page-views-count\/ajax-loader-2x.gif\" border=0 src=\"data:image\/svg+xml;base64,PHN2ZyB3aWR0aD0iMSIgaGVpZ2h0PSIxIiB4bWxucz0iaHR0cDovL3d3dy53My5vcmcvMjAwMC9zdmciPjwvc3ZnPg==\" class=\"lazyload\" style=\"--smush-placeholder-width: 16px; --smush-placeholder-aspect-ratio: 16\/16;\" \/><\/p>\n<div class=\"pvc_clear\"><\/div>\n","protected":false},"excerpt":{"rendered":"<p>No s\u00e9culo 19, um fen\u00f4meno agitou a Europa: as mesas girantes. Nos sal\u00f5es elegantes, ap\u00f3s os saraus, as mesas eram alvo de curiosidade e de extensas reportagens, pois moviam-se, erguiam-se no ar e respondiam a quest\u00f5es mediante batidas no ch\u00e3o (tiptologia). O fen\u00f4meno chamou a aten\u00e7\u00e3o de um pesquisador s\u00e9rio, disc\u00edpulo do c\u00e9lebre Johann Pestalozzi:&hellip; <br \/> <a class=\"read-more\" href=\"https:\/\/www.centronocaminhodaluz.com.br\/index.php\/origem-do-espiritismo\/\">Leia mais<\/a><\/p>\n<div class=\"pvc_clear\"><\/div>\n<p id=\"pvc_stats_1222\" class=\"pvc_stats all  \" data-element-id=\"1222\" style=\"\"><i class=\"pvc-stats-icon medium\" aria-hidden=\"true\"><svg aria-hidden=\"true\" focusable=\"false\" data-prefix=\"far\" data-icon=\"chart-bar\" role=\"img\" xmlns=\"http:\/\/www.w3.org\/2000\/svg\" viewBox=\"0 0 512 512\" class=\"svg-inline--fa fa-chart-bar fa-w-16 fa-2x\"><path fill=\"currentColor\" d=\"M396.8 352h22.4c6.4 0 12.8-6.4 12.8-12.8V108.8c0-6.4-6.4-12.8-12.8-12.8h-22.4c-6.4 0-12.8 6.4-12.8 12.8v230.4c0 6.4 6.4 12.8 12.8 12.8zm-192 0h22.4c6.4 0 12.8-6.4 12.8-12.8V140.8c0-6.4-6.4-12.8-12.8-12.8h-22.4c-6.4 0-12.8 6.4-12.8 12.8v198.4c0 6.4 6.4 12.8 12.8 12.8zm96 0h22.4c6.4 0 12.8-6.4 12.8-12.8V204.8c0-6.4-6.4-12.8-12.8-12.8h-22.4c-6.4 0-12.8 6.4-12.8 12.8v134.4c0 6.4 6.4 12.8 12.8 12.8zM496 400H48V80c0-8.84-7.16-16-16-16H16C7.16 64 0 71.16 0 80v336c0 17.67 14.33 32 32 32h464c8.84 0 16-7.16 16-16v-16c0-8.84-7.16-16-16-16zm-387.2-48h22.4c6.4 0 12.8-6.4 12.8-12.8v-70.4c0-6.4-6.4-12.8-12.8-12.8h-22.4c-6.4 0-12.8 6.4-12.8 12.8v70.4c0 6.4 6.4 12.8 12.8 12.8z\" class=\"\"><\/path><\/svg><\/i> <img decoding=\"async\" width=\"16\" height=\"16\" alt=\"Loading\" data-src=\"https:\/\/www.centronocaminhodaluz.com.br\/wp-content\/plugins\/page-views-count\/ajax-loader-2x.gif\" border=0 src=\"data:image\/svg+xml;base64,PHN2ZyB3aWR0aD0iMSIgaGVpZ2h0PSIxIiB4bWxucz0iaHR0cDovL3d3dy53My5vcmcvMjAwMC9zdmciPjwvc3ZnPg==\" class=\"lazyload\" style=\"--smush-placeholder-width: 16px; --smush-placeholder-aspect-ratio: 16\/16;\" \/><\/p>\n<div class=\"pvc_clear\"><\/div>\n","protected":false},"author":1,"featured_media":0,"parent":0,"menu_order":12,"comment_status":"Closed","ping_status":"closed","template":"","meta":{"footnotes":""},"class_list":["post-1222","page","type-page","status-publish","hentry"],"a3_pvc":{"activated":true,"total_views":41869,"today_views":0},"_links":{"self":[{"href":"https:\/\/www.centronocaminhodaluz.com.br\/index.php\/wp-json\/wp\/v2\/pages\/1222","targetHints":{"allow":["GET"]}}],"collection":[{"href":"https:\/\/www.centronocaminhodaluz.com.br\/index.php\/wp-json\/wp\/v2\/pages"}],"about":[{"href":"https:\/\/www.centronocaminhodaluz.com.br\/index.php\/wp-json\/wp\/v2\/types\/page"}],"author":[{"embeddable":true,"href":"https:\/\/www.centronocaminhodaluz.com.br\/index.php\/wp-json\/wp\/v2\/users\/1"}],"replies":[{"embeddable":true,"href":"https:\/\/www.centronocaminhodaluz.com.br\/index.php\/wp-json\/wp\/v2\/comments?post=1222"}],"version-history":[{"count":0,"href":"https:\/\/www.centronocaminhodaluz.com.br\/index.php\/wp-json\/wp\/v2\/pages\/1222\/revisions"}],"wp:attachment":[{"href":"https:\/\/www.centronocaminhodaluz.com.br\/index.php\/wp-json\/wp\/v2\/media?parent=1222"}],"curies":[{"name":"wp","href":"https:\/\/api.w.org\/{rel}","templated":true}]}}