{"id":1224,"date":"2015-12-16T15:42:44","date_gmt":"2015-12-16T17:42:44","guid":{"rendered":"http:\/\/www.centronocaminhodaluz.com.br\/?page_id=1224"},"modified":"2015-12-16T15:42:44","modified_gmt":"2015-12-16T17:42:44","slug":"ensinos-fundamentais","status":"publish","type":"page","link":"https:\/\/www.centronocaminhodaluz.com.br\/index.php\/ensinos-fundamentais\/","title":{"rendered":"Ensinos Fundamentais"},"content":{"rendered":"<div align=\"justify\"><\/div>\n<ul>\n<li>\n<div align=\"justify\">Deus \u00e9 a intelig\u00eancia suprema, causa primeira de todas as coisas. \u00e9 eterno, imut\u00e1vel, imaterial, \u00fanico, onipotente, soberanamente justo e bom.<\/div>\n<\/li>\n<\/ul>\n<div align=\"justify\">\n<ul>\n<li>O Universo \u00e9 cria\u00e7\u00e3o de Deus. Abrange todos os seres racionais e irracionais, animados e inanimados, materiais e imateriais.<\/li>\n<\/ul>\n<ul>\n<li>Al\u00e9m do mundo corporal, habita\u00e7\u00e3o dos Esp\u00edritos encarnados, que s\u00e3o os homens, existe o mundo espiritual, habita\u00e7\u00e3o dos Esp\u00edritos desencarnados.<\/li>\n<\/ul>\n<ul>\n<li>No Universo h\u00e1 outros mundos habitados, com seres de diferentes graus de evolu\u00e7\u00e3o: iguais, mais evolu\u00eddos e menos evolu\u00eddos que os homens.<\/li>\n<\/ul>\n<ul>\n<li>Todas as leis da Natureza s\u00e3o leis divinas, pois que Deus \u00e9 o seu autor. Abrangem tanto as leis f\u00edsicas como as leis morais.<\/li>\n<\/ul>\n<ul>\n<li>O homem \u00e9 um Esp\u00edrito encarnado em um corpo material. O perisp\u00edrito \u00e9 o corpo semimaterial que une o Esp\u00edrito ao corpo material.<\/li>\n<\/ul>\n<ul>\n<li>Os Esp\u00edritos s\u00e3o os seres inteligentes da cria\u00e7\u00e3o. Constituem o mundo dos Esp\u00edritos, que preexiste e sobrevive a tudo.<\/li>\n<\/ul>\n<ul>\n<li>Os Esp\u00edritos s\u00e3o criados simples e ignorantes. Evoluem, intelectual e moralmente, passando de uma ordem inferior para outra mais elevada, at\u00e9 a perfei\u00e7\u00e3o, onde gozam de inalter\u00e1vel felicidade.<\/li>\n<\/ul>\n<ul>\n<li>Os Esp\u00edritos preservam sua individualidade, antes, durante e depois de cada encarna\u00e7\u00e3o.<\/li>\n<\/ul>\n<ul>\n<li>Os Esp\u00edritos reencarnam tantas vezes quantas forem necess\u00e1rias ao seu pr\u00f3prio aprimoramento.<\/li>\n<\/ul>\n<ul>\n<li>Os Esp\u00edritos evoluem sempre. Em suas m\u00faltiplas exist\u00eancias corp\u00f3reas podem estacionar, mas nunca regridem. A rapidez do seu progresso intelectual e moral depende dos esfor\u00e7os que fa\u00e7am para chegar \u00e0 perfei\u00e7\u00e3o.<\/li>\n<\/ul>\n<ul>\n<li>Os Esp\u00edritos pertencem a diferentes ordens, conforme o grau de perfei\u00e7\u00e3o que tenham alcan\u00e7ado: Esp\u00edritos Puros, que atingiram a perfei\u00e7\u00e3o m\u00e1xima; Bons Esp\u00edritos, nos quais o desejo do bem \u00e9 o que predomina; Esp\u00edritos Imperfeitos, caracterizados pela ignor\u00e2ncia, pelo desejo do mal e pelas paix\u00f5es inferiores.<\/li>\n<\/ul>\n<ul>\n<li>As rela\u00e7\u00f5es dos Esp\u00edritos com os homens s\u00e3o constantes e sempre existiram. Os bons Esp\u00edritos nos atraem para o bem, sustentam-nos nas provas da vida e nos ajudam a suport\u00e1-las com coragem e resigna\u00e7\u00e3o. Os imperfeitos nos induzem ao erro.<\/li>\n<\/ul>\n<ul>\n<li>Jesus \u00e9 o guia e modelo para toda a Humanidade. E a Doutrina que ensinou e exemplificou \u00e9 a express\u00e3o mais pura da Lei de Deus.<\/li>\n<\/ul>\n<ul>\n<li>A moral do Cristo, contida no Evangelho, \u00e9 o roteiro para a evolu\u00e7\u00e3o segura de todos os homens, e a sua pr\u00e1tica \u00e9 a solu\u00e7\u00e3o para todos os problemas humanos e o objetivo a ser atingido pela Humanidade.<\/li>\n<\/ul>\n<ul>\n<li>O homem tem o livre-arb\u00edtrio para agir, mas responde pelas conseq\u00fc\u00eancias de suas a\u00e7\u00f5es.<\/li>\n<\/ul>\n<ul>\n<li>A vida futura reserva aos homens penas e gozos compat\u00edveis com o procedimento de respeito ou n\u00e3o \u00e0 Lei de Deus.<\/li>\n<\/ul>\n<ul>\n<li>A prece \u00e9 um ato de adora\u00e7\u00e3o a Deus. Est\u00e1 na lei natural e \u00e9 o resultado de um sentimento inato no homem, assim como \u00e9 inata a id\u00e9ia da exist\u00eancia do Criador.<\/li>\n<\/ul>\n<ul>\n<li>A prece torna melhor o homem. Aquele que ora com fervor e confian\u00e7a se faz mais forte contra as tenta\u00e7\u00f5es do mal e Deus lhe envia bons Esp\u00edritos para assisti-lo. \u00e9 este um socorro que jamais se lhe recusa, quando pedido com sinceridade.<\/li>\n<\/ul>\n<\/div>\n<div class=\"pvc_clear\"><\/div>\n<p id=\"pvc_stats_1224\" class=\"pvc_stats all  \" data-element-id=\"1224\" style=\"\"><i class=\"pvc-stats-icon medium\" aria-hidden=\"true\"><svg aria-hidden=\"true\" focusable=\"false\" data-prefix=\"far\" data-icon=\"chart-bar\" role=\"img\" xmlns=\"http:\/\/www.w3.org\/2000\/svg\" viewBox=\"0 0 512 512\" class=\"svg-inline--fa fa-chart-bar fa-w-16 fa-2x\"><path fill=\"currentColor\" d=\"M396.8 352h22.4c6.4 0 12.8-6.4 12.8-12.8V108.8c0-6.4-6.4-12.8-12.8-12.8h-22.4c-6.4 0-12.8 6.4-12.8 12.8v230.4c0 6.4 6.4 12.8 12.8 12.8zm-192 0h22.4c6.4 0 12.8-6.4 12.8-12.8V140.8c0-6.4-6.4-12.8-12.8-12.8h-22.4c-6.4 0-12.8 6.4-12.8 12.8v198.4c0 6.4 6.4 12.8 12.8 12.8zm96 0h22.4c6.4 0 12.8-6.4 12.8-12.8V204.8c0-6.4-6.4-12.8-12.8-12.8h-22.4c-6.4 0-12.8 6.4-12.8 12.8v134.4c0 6.4 6.4 12.8 12.8 12.8zM496 400H48V80c0-8.84-7.16-16-16-16H16C7.16 64 0 71.16 0 80v336c0 17.67 14.33 32 32 32h464c8.84 0 16-7.16 16-16v-16c0-8.84-7.16-16-16-16zm-387.2-48h22.4c6.4 0 12.8-6.4 12.8-12.8v-70.4c0-6.4-6.4-12.8-12.8-12.8h-22.4c-6.4 0-12.8 6.4-12.8 12.8v70.4c0 6.4 6.4 12.8 12.8 12.8z\" class=\"\"><\/path><\/svg><\/i> <img decoding=\"async\" width=\"16\" height=\"16\" alt=\"Loading\" data-src=\"https:\/\/www.centronocaminhodaluz.com.br\/wp-content\/plugins\/page-views-count\/ajax-loader-2x.gif\" border=0 src=\"data:image\/svg+xml;base64,PHN2ZyB3aWR0aD0iMSIgaGVpZ2h0PSIxIiB4bWxucz0iaHR0cDovL3d3dy53My5vcmcvMjAwMC9zdmciPjwvc3ZnPg==\" class=\"lazyload\" style=\"--smush-placeholder-width: 16px; --smush-placeholder-aspect-ratio: 16\/16;\" \/><\/p>\n<div class=\"pvc_clear\"><\/div>\n","protected":false},"excerpt":{"rendered":"<p>Deus \u00e9 a intelig\u00eancia suprema, causa primeira de todas as coisas. \u00e9 eterno, imut\u00e1vel, imaterial, \u00fanico, onipotente, soberanamente justo e bom. O Universo \u00e9 cria\u00e7\u00e3o de Deus. Abrange todos os seres racionais e irracionais, animados e inanimados, materiais e imateriais. Al\u00e9m do mundo corporal, habita\u00e7\u00e3o dos Esp\u00edritos encarnados, que s\u00e3o os homens, existe o mundo&hellip; <br \/> <a class=\"read-more\" href=\"https:\/\/www.centronocaminhodaluz.com.br\/index.php\/ensinos-fundamentais\/\">Leia mais<\/a><\/p>\n<div class=\"pvc_clear\"><\/div>\n<p id=\"pvc_stats_1224\" class=\"pvc_stats all  \" data-element-id=\"1224\" style=\"\"><i class=\"pvc-stats-icon medium\" aria-hidden=\"true\"><svg aria-hidden=\"true\" focusable=\"false\" data-prefix=\"far\" data-icon=\"chart-bar\" role=\"img\" xmlns=\"http:\/\/www.w3.org\/2000\/svg\" viewBox=\"0 0 512 512\" class=\"svg-inline--fa fa-chart-bar fa-w-16 fa-2x\"><path fill=\"currentColor\" d=\"M396.8 352h22.4c6.4 0 12.8-6.4 12.8-12.8V108.8c0-6.4-6.4-12.8-12.8-12.8h-22.4c-6.4 0-12.8 6.4-12.8 12.8v230.4c0 6.4 6.4 12.8 12.8 12.8zm-192 0h22.4c6.4 0 12.8-6.4 12.8-12.8V140.8c0-6.4-6.4-12.8-12.8-12.8h-22.4c-6.4 0-12.8 6.4-12.8 12.8v198.4c0 6.4 6.4 12.8 12.8 12.8zm96 0h22.4c6.4 0 12.8-6.4 12.8-12.8V204.8c0-6.4-6.4-12.8-12.8-12.8h-22.4c-6.4 0-12.8 6.4-12.8 12.8v134.4c0 6.4 6.4 12.8 12.8 12.8zM496 400H48V80c0-8.84-7.16-16-16-16H16C7.16 64 0 71.16 0 80v336c0 17.67 14.33 32 32 32h464c8.84 0 16-7.16 16-16v-16c0-8.84-7.16-16-16-16zm-387.2-48h22.4c6.4 0 12.8-6.4 12.8-12.8v-70.4c0-6.4-6.4-12.8-12.8-12.8h-22.4c-6.4 0-12.8 6.4-12.8 12.8v70.4c0 6.4 6.4 12.8 12.8 12.8z\" class=\"\"><\/path><\/svg><\/i> <img decoding=\"async\" width=\"16\" height=\"16\" alt=\"Loading\" data-src=\"https:\/\/www.centronocaminhodaluz.com.br\/wp-content\/plugins\/page-views-count\/ajax-loader-2x.gif\" border=0 src=\"data:image\/svg+xml;base64,PHN2ZyB3aWR0aD0iMSIgaGVpZ2h0PSIxIiB4bWxucz0iaHR0cDovL3d3dy53My5vcmcvMjAwMC9zdmciPjwvc3ZnPg==\" class=\"lazyload\" style=\"--smush-placeholder-width: 16px; --smush-placeholder-aspect-ratio: 16\/16;\" \/><\/p>\n<div class=\"pvc_clear\"><\/div>\n","protected":false},"author":1,"featured_media":0,"parent":0,"menu_order":13,"comment_status":"Closed","ping_status":"closed","template":"","meta":{"footnotes":""},"class_list":["post-1224","page","type-page","status-publish","hentry"],"a3_pvc":{"activated":true,"total_views":26843,"today_views":0},"_links":{"self":[{"href":"https:\/\/www.centronocaminhodaluz.com.br\/index.php\/wp-json\/wp\/v2\/pages\/1224","targetHints":{"allow":["GET"]}}],"collection":[{"href":"https:\/\/www.centronocaminhodaluz.com.br\/index.php\/wp-json\/wp\/v2\/pages"}],"about":[{"href":"https:\/\/www.centronocaminhodaluz.com.br\/index.php\/wp-json\/wp\/v2\/types\/page"}],"author":[{"embeddable":true,"href":"https:\/\/www.centronocaminhodaluz.com.br\/index.php\/wp-json\/wp\/v2\/users\/1"}],"replies":[{"embeddable":true,"href":"https:\/\/www.centronocaminhodaluz.com.br\/index.php\/wp-json\/wp\/v2\/comments?post=1224"}],"version-history":[{"count":0,"href":"https:\/\/www.centronocaminhodaluz.com.br\/index.php\/wp-json\/wp\/v2\/pages\/1224\/revisions"}],"wp:attachment":[{"href":"https:\/\/www.centronocaminhodaluz.com.br\/index.php\/wp-json\/wp\/v2\/media?parent=1224"}],"curies":[{"name":"wp","href":"https:\/\/api.w.org\/{rel}","templated":true}]}}