{"id":1228,"date":"2015-12-16T15:49:22","date_gmt":"2015-12-16T17:49:22","guid":{"rendered":"http:\/\/www.centronocaminhodaluz.com.br\/?page_id=1228"},"modified":"2015-12-16T15:49:22","modified_gmt":"2015-12-16T17:49:22","slug":"avaliacao-da-casa-espirita","status":"publish","type":"page","link":"https:\/\/www.centronocaminhodaluz.com.br\/index.php\/avaliacao-da-casa-espirita\/","title":{"rendered":"Avalia\u00e7\u00e3o da Casa Esp\u00edrita"},"content":{"rendered":"<p><strong>Algumas observa\u00e7\u00f5es importantes na avalia\u00e7\u00e3o de uma casa esp\u00edrita<\/strong><\/p>\n<p>Toda Casa Esp\u00edrita que busca o aprimoramento \u00edntimo de seus frequentadores, deve promover o estudo e a explana\u00e7\u00e3o da Doutrina Esp\u00edrita no seu tr\u00edplice aspecto: cient\u00edfico, filos\u00f3fico e religioso, consubstanciada na Codifica\u00e7\u00e3o Kardequiana e nos ensinamentos do amado Mestre Jesus.<\/p>\n<p>Portanto, para que esteja em conson\u00e2ncia com esses ensinamentos, deve ainda:<\/p>\n<p>Zelar para que as atividades exercidas em fun\u00e7\u00e3o do Movimento Esp\u00edrita <strong>SEJAM GRATUITAS<\/strong>, vedada qualquer esp\u00e9cie de remunera\u00e7\u00e3o;<br \/>\nNas reuni\u00f5es doutrin\u00e1rias, jamais angariar donativos por meio de coletas, pedit\u00f3rios, \u00e0 vista dos inconvenientes que apresentam, de vez que tais expedientes podem ser tomados \u00e0 conta de pagamento por benef\u00edcios. A pureza da pr\u00e1tica da Doutrina Esp\u00edritadeve ser preservada a todo o custo;<br \/>\nEvitar enfeites excessivos, jogos de luz e uso, pelos colaboradores, de paramentos e uniformes;<br \/>\nDesaprovar o emprego de rituais, imagens ou s\u00edmbolos de qualquer natureza nas sess\u00f5es, assegurando a pureza e a simplicidade da pr\u00e1tica do Espiritismo;<br \/>\nDesaprovar a conserva\u00e7\u00e3o de retratos, quadros, legendas ou quaisquer objetos que possam ser tidos na conta de apetrechos para ritual, t\u00e3o usados em diversos meios religiosos. Os aparatos exteriores t\u00eam cristalizado a f\u00e9 em todas as civiliza\u00e7\u00f5es terrenas;<br \/>\nBanir dos templos esp\u00edritas as cerim\u00f4nias que, em nome da Doutrina, visem \u00e0 consagra\u00e7\u00e3o de esponsais ou nascimentos e outras pr\u00e1ticas estranhas \u00e0 Doutrina, tais como vel\u00f3rios e encomenda\u00e7\u00f5es, cola\u00e7\u00f5es de grau etc;<br \/>\nImpedir a comunica\u00e7\u00e3o de enfermo espiritual, que s\u00f3 dever\u00e1 ocorrer em reuni\u00e3o privativa e destinada a esse fim;<br \/>\nN\u00e3o permitir, nas reuni\u00f5es do Centro, ataques ou censuras a outras religi\u00f5es;<br \/>\nImpedir palestras e discuss\u00f5es de ordem pol\u00edtica nas sedes das institui\u00e7\u00f5es doutrin\u00e1rias, n\u00e3o olvidando que o servi\u00e7o de evangeliza\u00e7\u00e3o \u00e9 tarefa essencial;<br \/>\nRepelir acordos pol\u00edticos que, com o empenho da consci\u00eancia individual, pretextem defender os princ\u00edpios doutrin\u00e1rios ou aliciar prest\u00edgio social para a Doutrina, em troca de votos ou solidariedade a partidos e candidatos. O Espiritismo n\u00e3o pactua com interesses puramente terrenos;<br \/>\nN\u00e3o permitir o uso do fumo, \u00e1lcool e demais compostos qu\u00edmicos nas depend\u00eancias do Centro Esp\u00edrita.<br \/>\nBaseado nos regimentos internos da Federa\u00e7\u00e3o Esp\u00edrita Brasileira<\/p>\n<div class=\"pvc_clear\"><\/div>\n<p id=\"pvc_stats_1228\" class=\"pvc_stats all  \" data-element-id=\"1228\" style=\"\"><i class=\"pvc-stats-icon medium\" aria-hidden=\"true\"><svg aria-hidden=\"true\" focusable=\"false\" data-prefix=\"far\" data-icon=\"chart-bar\" role=\"img\" xmlns=\"http:\/\/www.w3.org\/2000\/svg\" viewBox=\"0 0 512 512\" class=\"svg-inline--fa fa-chart-bar fa-w-16 fa-2x\"><path fill=\"currentColor\" d=\"M396.8 352h22.4c6.4 0 12.8-6.4 12.8-12.8V108.8c0-6.4-6.4-12.8-12.8-12.8h-22.4c-6.4 0-12.8 6.4-12.8 12.8v230.4c0 6.4 6.4 12.8 12.8 12.8zm-192 0h22.4c6.4 0 12.8-6.4 12.8-12.8V140.8c0-6.4-6.4-12.8-12.8-12.8h-22.4c-6.4 0-12.8 6.4-12.8 12.8v198.4c0 6.4 6.4 12.8 12.8 12.8zm96 0h22.4c6.4 0 12.8-6.4 12.8-12.8V204.8c0-6.4-6.4-12.8-12.8-12.8h-22.4c-6.4 0-12.8 6.4-12.8 12.8v134.4c0 6.4 6.4 12.8 12.8 12.8zM496 400H48V80c0-8.84-7.16-16-16-16H16C7.16 64 0 71.16 0 80v336c0 17.67 14.33 32 32 32h464c8.84 0 16-7.16 16-16v-16c0-8.84-7.16-16-16-16zm-387.2-48h22.4c6.4 0 12.8-6.4 12.8-12.8v-70.4c0-6.4-6.4-12.8-12.8-12.8h-22.4c-6.4 0-12.8 6.4-12.8 12.8v70.4c0 6.4 6.4 12.8 12.8 12.8z\" class=\"\"><\/path><\/svg><\/i> <img decoding=\"async\" width=\"16\" height=\"16\" alt=\"Loading\" data-src=\"https:\/\/www.centronocaminhodaluz.com.br\/wp-content\/plugins\/page-views-count\/ajax-loader-2x.gif\" border=0 src=\"data:image\/svg+xml;base64,PHN2ZyB3aWR0aD0iMSIgaGVpZ2h0PSIxIiB4bWxucz0iaHR0cDovL3d3dy53My5vcmcvMjAwMC9zdmciPjwvc3ZnPg==\" class=\"lazyload\" style=\"--smush-placeholder-width: 16px; --smush-placeholder-aspect-ratio: 16\/16;\" \/><\/p>\n<div class=\"pvc_clear\"><\/div>\n","protected":false},"excerpt":{"rendered":"<p>Algumas observa\u00e7\u00f5es importantes na avalia\u00e7\u00e3o de uma casa esp\u00edrita Toda Casa Esp\u00edrita que busca o aprimoramento \u00edntimo de seus frequentadores, deve promover o estudo e a explana\u00e7\u00e3o da Doutrina Esp\u00edrita no seu tr\u00edplice aspecto: cient\u00edfico, filos\u00f3fico e religioso, consubstanciada na Codifica\u00e7\u00e3o Kardequiana e nos ensinamentos do amado Mestre Jesus. Portanto, para que esteja em conson\u00e2ncia&hellip; <br \/> <a class=\"read-more\" href=\"https:\/\/www.centronocaminhodaluz.com.br\/index.php\/avaliacao-da-casa-espirita\/\">Leia mais<\/a><\/p>\n<div class=\"pvc_clear\"><\/div>\n<p id=\"pvc_stats_1228\" class=\"pvc_stats all  \" data-element-id=\"1228\" style=\"\"><i class=\"pvc-stats-icon medium\" aria-hidden=\"true\"><svg aria-hidden=\"true\" focusable=\"false\" data-prefix=\"far\" data-icon=\"chart-bar\" role=\"img\" xmlns=\"http:\/\/www.w3.org\/2000\/svg\" viewBox=\"0 0 512 512\" class=\"svg-inline--fa fa-chart-bar fa-w-16 fa-2x\"><path fill=\"currentColor\" d=\"M396.8 352h22.4c6.4 0 12.8-6.4 12.8-12.8V108.8c0-6.4-6.4-12.8-12.8-12.8h-22.4c-6.4 0-12.8 6.4-12.8 12.8v230.4c0 6.4 6.4 12.8 12.8 12.8zm-192 0h22.4c6.4 0 12.8-6.4 12.8-12.8V140.8c0-6.4-6.4-12.8-12.8-12.8h-22.4c-6.4 0-12.8 6.4-12.8 12.8v198.4c0 6.4 6.4 12.8 12.8 12.8zm96 0h22.4c6.4 0 12.8-6.4 12.8-12.8V204.8c0-6.4-6.4-12.8-12.8-12.8h-22.4c-6.4 0-12.8 6.4-12.8 12.8v134.4c0 6.4 6.4 12.8 12.8 12.8zM496 400H48V80c0-8.84-7.16-16-16-16H16C7.16 64 0 71.16 0 80v336c0 17.67 14.33 32 32 32h464c8.84 0 16-7.16 16-16v-16c0-8.84-7.16-16-16-16zm-387.2-48h22.4c6.4 0 12.8-6.4 12.8-12.8v-70.4c0-6.4-6.4-12.8-12.8-12.8h-22.4c-6.4 0-12.8 6.4-12.8 12.8v70.4c0 6.4 6.4 12.8 12.8 12.8z\" class=\"\"><\/path><\/svg><\/i> <img decoding=\"async\" width=\"16\" height=\"16\" alt=\"Loading\" data-src=\"https:\/\/www.centronocaminhodaluz.com.br\/wp-content\/plugins\/page-views-count\/ajax-loader-2x.gif\" border=0 src=\"data:image\/svg+xml;base64,PHN2ZyB3aWR0aD0iMSIgaGVpZ2h0PSIxIiB4bWxucz0iaHR0cDovL3d3dy53My5vcmcvMjAwMC9zdmciPjwvc3ZnPg==\" class=\"lazyload\" style=\"--smush-placeholder-width: 16px; --smush-placeholder-aspect-ratio: 16\/16;\" \/><\/p>\n<div class=\"pvc_clear\"><\/div>\n","protected":false},"author":1,"featured_media":0,"parent":0,"menu_order":22,"comment_status":"Closed","ping_status":"closed","template":"","meta":{"footnotes":""},"class_list":["post-1228","page","type-page","status-publish","hentry"],"a3_pvc":{"activated":true,"total_views":11619,"today_views":0},"_links":{"self":[{"href":"https:\/\/www.centronocaminhodaluz.com.br\/index.php\/wp-json\/wp\/v2\/pages\/1228","targetHints":{"allow":["GET"]}}],"collection":[{"href":"https:\/\/www.centronocaminhodaluz.com.br\/index.php\/wp-json\/wp\/v2\/pages"}],"about":[{"href":"https:\/\/www.centronocaminhodaluz.com.br\/index.php\/wp-json\/wp\/v2\/types\/page"}],"author":[{"embeddable":true,"href":"https:\/\/www.centronocaminhodaluz.com.br\/index.php\/wp-json\/wp\/v2\/users\/1"}],"replies":[{"embeddable":true,"href":"https:\/\/www.centronocaminhodaluz.com.br\/index.php\/wp-json\/wp\/v2\/comments?post=1228"}],"version-history":[{"count":0,"href":"https:\/\/www.centronocaminhodaluz.com.br\/index.php\/wp-json\/wp\/v2\/pages\/1228\/revisions"}],"wp:attachment":[{"href":"https:\/\/www.centronocaminhodaluz.com.br\/index.php\/wp-json\/wp\/v2\/media?parent=1228"}],"curies":[{"name":"wp","href":"https:\/\/api.w.org\/{rel}","templated":true}]}}