{"id":1230,"date":"2015-12-16T15:51:47","date_gmt":"2015-12-16T17:51:47","guid":{"rendered":"http:\/\/www.centronocaminhodaluz.com.br\/?page_id=1230"},"modified":"2015-12-16T15:51:47","modified_gmt":"2015-12-16T17:51:47","slug":"casamento-espirita","status":"publish","type":"page","link":"https:\/\/www.centronocaminhodaluz.com.br\/index.php\/casamento-espirita\/","title":{"rendered":"Casamento Esp\u00edrita"},"content":{"rendered":"<h3 class=\"post-title entry-title\">TEXTO EXTRA\u00cdDO DO SITE: \u00a0http:\/\/grupoallankardec.blogspot.com.br\/<\/h3>\n<h3 class=\"post-title entry-title\"><a href=\"http:\/\/2.bp.blogspot.com\/_BPMKQ2xsVkM\/TTSKGcJGlCI\/AAAAAAAABWk\/uL2SVtfSB_o\/s1600\/casamento%2Bcivil.jpg\"><img decoding=\"async\" id=\"BLOGGER_PHOTO_ID_5563223282947626018\" data-src=\"http:\/\/2.bp.blogspot.com\/_BPMKQ2xsVkM\/TTSKGcJGlCI\/AAAAAAAABWk\/uL2SVtfSB_o\/s400\/casamento%2Bcivil.jpg\" alt=\"\" border=\"0\" src=\"data:image\/svg+xml;base64,PHN2ZyB3aWR0aD0iMSIgaGVpZ2h0PSIxIiB4bWxucz0iaHR0cDovL3d3dy53My5vcmcvMjAwMC9zdmciPjwvc3ZnPg==\" class=\"lazyload\" \/><\/a><\/h3>\n<h3 class=\"post-title entry-title\">COMO \u00c9 O CASAMENTO ESP\u00cdRITA?<\/h3>\n<div>\n<p>Em um casamento esp\u00edrita n\u00e3o h\u00e1 cerim\u00f4nia religiosa, h\u00e1 somente o casamento civil, pois o Espiritismo, seguindo o evang\u00e9lico preceito\u00a0&#8220;dai a C\u00e9sar o que \u00e9 de C\u00e9sar&#8221;, recomenda obedi\u00eancia \u00e0s leis humanas que visam a ordem social. E nenhum centro esp\u00edrita ou sociedade verdadeiramente esp\u00edrita deveria realizar casamentos, pois o Espiritismo n\u00e3o instituiu sacramentos, rituais ou dogmas.<\/p>\n<p>No local escolhido para realizar a cerim\u00f4nia civil, uma prece poder\u00e1 ser feita por um familiar dos noivos (n\u00e3o \u00e9 preciso convidar um presidente de centro, um orador esp\u00edrita, um m\u00e9dium, nem \u00e9 preciso que um esp\u00edrito se comunique para \u201cDAR A B\u00caN\u00c7\u00c3O\u201d. De prefer\u00eancia, que seja tudo simples, sem exageros, excessos e desperd\u00edcios. Deve haver intensa participa\u00e7\u00e3o espiritual dos noivos, dos familiares e convidados, assim como h\u00e1 dos amigos desencarnados. Os noivos que forem verdadeiramente esp\u00edritas devem saber como se casar perante a sociedade e a espiritualidade, respeitando as convic\u00e7\u00f5es dos familiares \u201cn\u00e3o esp\u00edritas\u201d, mas tentando fazer prevalecer as suas. Porque o esp\u00edrita precisa ajudar a renova\u00e7\u00e3o das id\u00e9ias religiosas e n\u00e3o conseguir\u00e1 isso, se ocultar sempre o que j\u00e1 conhece e se ceder sempre aos costumes religiosos tradicionais. Al\u00e9m do que, o esp\u00edrita tem o direito de n\u00e3o ficar preso \u00e0s f\u00f3rmulas religiosas que nada mais lhe significam.<\/p>\n<p>Vejamos como foi o casamento de M\u00e1rio e Antonina, que encontra-se no livro Entre o C\u00e9u e a Terra, narrado por Andr\u00e9 Luiz e psicografado por Chico Xavier:\u00a0\u201cM\u00e1rio e a vi\u00fava esperavam efetuar o matrim\u00f4nio em breves dias. Visitamos o futuro casal, diversas vezes, antes do enlace que todos n\u00f3s aguard\u00e1vamos, contentes.<\/p>\n<p>Amaro e Zulmira, reconhecidos aos gestos de amizade e carinho que recebiam constantemente dos noivos, ofereceram o lar para a cerim\u00f4nia que, no dia marcado, se realizou com o ato civil, na mais acentuada simplicidade.<\/p>\n<p>Muitos companheiros de nosso plano acorreram \u00e0 resid\u00eancia do ferrovi\u00e1rio, inclusive as freiras desencarnadas que consagravam ao enfermeiro particular estima. A casa de Zulmira, enfeitada de rosas, regurgitava de gente amiga.<\/p>\n<p>A felicidade transparecia de todos os semblantes. \u00c0 noite, na casinha singela de Antonina, reuniram-se quase todos os convidados novamente.<\/p>\n<p>Os rec\u00e9m-casados queriam orar, em companhia dos la\u00e7os afetivos, agradecendo ao Senhor a ventura daquele dia inolvid\u00e1vel. O telheiro humilde jazia repleto de entidades afetuosas e iluminadas, inspirando entusiasmo e esperan\u00e7a, j\u00fabilo e paz. Quem pudesse ver o pequeno lar, em toda a sua express\u00e3o de espiritualidade superior, afirmaria estar contemplando um risonho pombal de alegria e de luz.<\/p>\n<p>Na salinha estreita e lotada, um velho tio da noiva levantou-se e disp\u00f4s-se \u00e0 ora\u00e7\u00e3o. Clar\u00eancio abeirou-se dele e afagou-lhe a cabe\u00e7a que os anos haviam encanecido, e seus engelhados l\u00e1bios, no aben\u00e7oado calor da inspira\u00e7\u00e3o com que o nosso orientador lhe envolvia a alma, pronunciaram comovente rogativa a Jesus, suplicando-lhe que os auxiliasse a todos na obedi\u00eancia aos seus divinos des\u00edgnios.\u201d<\/p>\n<p>Ent\u00e3o, o esp\u00edrita, que estuda e busca entender a doutrina dos esp\u00edritos, sabe que a orienta\u00e7\u00e3o \u00e9 come\u00e7armos a nos desvencilhar da materialidade. O empenho maior n\u00e3o deve ser com a cerim\u00f4nia, mas sim com os compromissos conjugais do dia-a-dia, que envolve a responsabilidade de ambos com a educa\u00e7\u00e3o dos filhos que Deus os confiar. Quando entendermos que Deus aben\u00e7oa toda uni\u00e3o, com ou sem cerim\u00f4nia religiosa, nossa preocupa\u00e7\u00e3o ser\u00e1 convidar Jesus para viver em nosso lar. N\u00e3o em quadros, crucifixos ou imagens, mas aplicando SEUS ensinamentos todos os dias, como: &#8220;FAZER AO OUTRO O QUE GOSTAR\u00cdAMOS QUE ESTE OUTRO NOS\u00a0FIZESSE.&#8221; Exemplo: Se n\u00e3o\u00a0gostamos de ser tra\u00eddos, n\u00e3o trairemos; se queremos toler\u00e2ncia com nossas falhas, seremos tolerantes com a falha do outro, etc. S\u00f3 assim, a uni\u00e3o ser\u00e1 duradoura e passar\u00e1 pela riqueza e pobreza, sa\u00fade e doen\u00e7a, alegria e tristeza at\u00e9 que a morte (do corpo) nos separe &#8220;TEMPORARIAMENTE&#8221;.<\/p>\n<\/div>\n<div class=\"pvc_clear\"><\/div>\n<p id=\"pvc_stats_1230\" class=\"pvc_stats all  \" data-element-id=\"1230\" style=\"\"><i class=\"pvc-stats-icon medium\" aria-hidden=\"true\"><svg aria-hidden=\"true\" focusable=\"false\" data-prefix=\"far\" data-icon=\"chart-bar\" role=\"img\" xmlns=\"http:\/\/www.w3.org\/2000\/svg\" viewBox=\"0 0 512 512\" class=\"svg-inline--fa fa-chart-bar fa-w-16 fa-2x\"><path fill=\"currentColor\" d=\"M396.8 352h22.4c6.4 0 12.8-6.4 12.8-12.8V108.8c0-6.4-6.4-12.8-12.8-12.8h-22.4c-6.4 0-12.8 6.4-12.8 12.8v230.4c0 6.4 6.4 12.8 12.8 12.8zm-192 0h22.4c6.4 0 12.8-6.4 12.8-12.8V140.8c0-6.4-6.4-12.8-12.8-12.8h-22.4c-6.4 0-12.8 6.4-12.8 12.8v198.4c0 6.4 6.4 12.8 12.8 12.8zm96 0h22.4c6.4 0 12.8-6.4 12.8-12.8V204.8c0-6.4-6.4-12.8-12.8-12.8h-22.4c-6.4 0-12.8 6.4-12.8 12.8v134.4c0 6.4 6.4 12.8 12.8 12.8zM496 400H48V80c0-8.84-7.16-16-16-16H16C7.16 64 0 71.16 0 80v336c0 17.67 14.33 32 32 32h464c8.84 0 16-7.16 16-16v-16c0-8.84-7.16-16-16-16zm-387.2-48h22.4c6.4 0 12.8-6.4 12.8-12.8v-70.4c0-6.4-6.4-12.8-12.8-12.8h-22.4c-6.4 0-12.8 6.4-12.8 12.8v70.4c0 6.4 6.4 12.8 12.8 12.8z\" class=\"\"><\/path><\/svg><\/i> <img decoding=\"async\" width=\"16\" height=\"16\" alt=\"Loading\" data-src=\"https:\/\/www.centronocaminhodaluz.com.br\/wp-content\/plugins\/page-views-count\/ajax-loader-2x.gif\" border=0 src=\"data:image\/svg+xml;base64,PHN2ZyB3aWR0aD0iMSIgaGVpZ2h0PSIxIiB4bWxucz0iaHR0cDovL3d3dy53My5vcmcvMjAwMC9zdmciPjwvc3ZnPg==\" class=\"lazyload\" style=\"--smush-placeholder-width: 16px; --smush-placeholder-aspect-ratio: 16\/16;\" \/><\/p>\n<div class=\"pvc_clear\"><\/div>\n","protected":false},"excerpt":{"rendered":"<p>TEXTO EXTRA\u00cdDO DO SITE: \u00a0http:\/\/grupoallankardec.blogspot.com.br\/ COMO \u00c9 O CASAMENTO ESP\u00cdRITA? Em um casamento esp\u00edrita n\u00e3o h\u00e1 cerim\u00f4nia religiosa, h\u00e1 somente o casamento civil, pois o Espiritismo, seguindo o evang\u00e9lico preceito\u00a0&#8220;dai a C\u00e9sar o que \u00e9 de C\u00e9sar&#8221;, recomenda obedi\u00eancia \u00e0s leis humanas que visam a ordem social. E nenhum centro esp\u00edrita ou sociedade verdadeiramente esp\u00edrita&hellip; <br \/> <a class=\"read-more\" href=\"https:\/\/www.centronocaminhodaluz.com.br\/index.php\/casamento-espirita\/\">Leia mais<\/a><\/p>\n<div class=\"pvc_clear\"><\/div>\n<p id=\"pvc_stats_1230\" class=\"pvc_stats all  \" data-element-id=\"1230\" style=\"\"><i class=\"pvc-stats-icon medium\" aria-hidden=\"true\"><svg aria-hidden=\"true\" focusable=\"false\" data-prefix=\"far\" data-icon=\"chart-bar\" role=\"img\" xmlns=\"http:\/\/www.w3.org\/2000\/svg\" viewBox=\"0 0 512 512\" class=\"svg-inline--fa fa-chart-bar fa-w-16 fa-2x\"><path fill=\"currentColor\" d=\"M396.8 352h22.4c6.4 0 12.8-6.4 12.8-12.8V108.8c0-6.4-6.4-12.8-12.8-12.8h-22.4c-6.4 0-12.8 6.4-12.8 12.8v230.4c0 6.4 6.4 12.8 12.8 12.8zm-192 0h22.4c6.4 0 12.8-6.4 12.8-12.8V140.8c0-6.4-6.4-12.8-12.8-12.8h-22.4c-6.4 0-12.8 6.4-12.8 12.8v198.4c0 6.4 6.4 12.8 12.8 12.8zm96 0h22.4c6.4 0 12.8-6.4 12.8-12.8V204.8c0-6.4-6.4-12.8-12.8-12.8h-22.4c-6.4 0-12.8 6.4-12.8 12.8v134.4c0 6.4 6.4 12.8 12.8 12.8zM496 400H48V80c0-8.84-7.16-16-16-16H16C7.16 64 0 71.16 0 80v336c0 17.67 14.33 32 32 32h464c8.84 0 16-7.16 16-16v-16c0-8.84-7.16-16-16-16zm-387.2-48h22.4c6.4 0 12.8-6.4 12.8-12.8v-70.4c0-6.4-6.4-12.8-12.8-12.8h-22.4c-6.4 0-12.8 6.4-12.8 12.8v70.4c0 6.4 6.4 12.8 12.8 12.8z\" class=\"\"><\/path><\/svg><\/i> <img decoding=\"async\" width=\"16\" height=\"16\" alt=\"Loading\" data-src=\"https:\/\/www.centronocaminhodaluz.com.br\/wp-content\/plugins\/page-views-count\/ajax-loader-2x.gif\" border=0 src=\"data:image\/svg+xml;base64,PHN2ZyB3aWR0aD0iMSIgaGVpZ2h0PSIxIiB4bWxucz0iaHR0cDovL3d3dy53My5vcmcvMjAwMC9zdmciPjwvc3ZnPg==\" class=\"lazyload\" style=\"--smush-placeholder-width: 16px; --smush-placeholder-aspect-ratio: 16\/16;\" \/><\/p>\n<div class=\"pvc_clear\"><\/div>\n","protected":false},"author":1,"featured_media":0,"parent":0,"menu_order":29,"comment_status":"Closed","ping_status":"closed","template":"","meta":{"footnotes":""},"class_list":["post-1230","page","type-page","status-publish","hentry"],"a3_pvc":{"activated":true,"total_views":47983,"today_views":0},"_links":{"self":[{"href":"https:\/\/www.centronocaminhodaluz.com.br\/index.php\/wp-json\/wp\/v2\/pages\/1230","targetHints":{"allow":["GET"]}}],"collection":[{"href":"https:\/\/www.centronocaminhodaluz.com.br\/index.php\/wp-json\/wp\/v2\/pages"}],"about":[{"href":"https:\/\/www.centronocaminhodaluz.com.br\/index.php\/wp-json\/wp\/v2\/types\/page"}],"author":[{"embeddable":true,"href":"https:\/\/www.centronocaminhodaluz.com.br\/index.php\/wp-json\/wp\/v2\/users\/1"}],"replies":[{"embeddable":true,"href":"https:\/\/www.centronocaminhodaluz.com.br\/index.php\/wp-json\/wp\/v2\/comments?post=1230"}],"version-history":[{"count":0,"href":"https:\/\/www.centronocaminhodaluz.com.br\/index.php\/wp-json\/wp\/v2\/pages\/1230\/revisions"}],"wp:attachment":[{"href":"https:\/\/www.centronocaminhodaluz.com.br\/index.php\/wp-json\/wp\/v2\/media?parent=1230"}],"curies":[{"name":"wp","href":"https:\/\/api.w.org\/{rel}","templated":true}]}}