{"id":1237,"date":"2015-12-16T16:09:32","date_gmt":"2015-12-16T18:09:32","guid":{"rendered":"http:\/\/www.centronocaminhodaluz.com.br\/?page_id=1237"},"modified":"2015-12-16T16:10:15","modified_gmt":"2015-12-16T18:10:15","slug":"reforma-intima","status":"publish","type":"page","link":"https:\/\/www.centronocaminhodaluz.com.br\/index.php\/reforma-intima\/","title":{"rendered":"Reforma \u00cdntima"},"content":{"rendered":"<p align=\"center\"><strong>Escrito por Jo\u00e3o Batista Armani<\/strong><\/p>\n<p>Muitos s\u00e3o os motivos que nos levam \u00e0 Casa Esp\u00edrita: Pelo amor, pela dor, convite de algu\u00e9m, hoje pela raz\u00e3o, etc&#8230;<\/p>\n<p>&nbsp;<\/p>\n<p>E o que acontece? Assistimos palestras, recebemos o passe, tomamos \u00e1gua fluidificada e vamos embora. Somos esp\u00edritas apenas dentro da Casa Esp\u00edrita, estas atitudes ir\u00e3o se repetir por longo tempo. Mas \u00e0 medida que vamos estudando e compreendendo melhor os ensinamentos esp\u00edritas, sentimos que necessitamos nos integrar mais nas a\u00e7\u00f5es de reforma moral da sociedade, e nada melhor para fazermos isso do que iniciando por n\u00f3s mesmos, ou seja, que sejamos esp\u00edritas na conviv\u00eancia com o mundo, e isso nos leva \u00e0 nossa reforma moral.<\/p>\n<p>&nbsp;<\/p>\n<p>Todo esp\u00edrita estudioso caminha neste sentido, porque compreende que o Espiritismo como filosofia busca atingir o seu mais nobre objetivo, que \u00e9 a reforma moral da criatura.<\/p>\n<p>&nbsp;<\/p>\n<p>A grande maioria dos livros escritos pelas vias medi\u00fanicas s\u00e3o ricos de ensinamentos e verdadeiros tratados de sa\u00fade mental, com uma terapia baseada no Evangelho de Jesus e na Codifica\u00e7\u00e3o Kardequiana.<\/p>\n<p>&nbsp;<\/p>\n<p>Livros como: \u201cAuto Conhecimento\u201d, \u201cO Homem Integral\u201d, \u201cO Ser Consciente\u201d, \u201cEspelho D\u2019alma\u201d, \u201cMomentos de Renova\u00e7\u00e3o\u201d e outros n\u00e3o necessariamente esp\u00edritas, nos indicam a import\u00e2ncia da Reforma \u00cdntima, ou renova\u00e7\u00e3o de atitudes, como fator essencial para alcan\u00e7armos o progresso moral e espiritual, visando \u00e0 nossa felicidade relativa.<\/p>\n<p>&nbsp;<\/p>\n<p>Duas afirmativas nos chamam \u00e0 reflex\u00e3o:<\/p>\n<p>&nbsp;<\/p>\n<p><strong>1. Renova\u00e7\u00e3o de atitudes&#8230;<\/strong><\/p>\n<p>&nbsp;<\/p>\n<p>Um jovem foi ao m\u00e9dico, queixando-se de dores abdominais. Tendo sido atendido pelo m\u00e9dico, este atencioso, realizou exames, fez entrevistas, e ao final chegou ao diagn\u00f3stico: Cirrose hep\u00e1tica, doen\u00e7a do f\u00edgado por ingest\u00e3o de bebida alco\u00f3lica. Enfermidade conhecida e facilmente trat\u00e1vel, receitou um tratamento, onde o paciente deveria tomar uma medica\u00e7\u00e3o, fazer caminhadas di\u00e1rias, ao final da caminhada realizar algumas gin\u00e1sticas. O paciente saiu satisfeito pois veria-se livre de suas dores. Ao final de um m\u00eas, retornou novamente o paciente ao consult\u00f3rio m\u00e9dico, onde o doutor o atendeu sol\u00edcito.<\/p>\n<p>&nbsp;<\/p>\n<p>H\u00e1 doutor! O tratamento n\u00e3o deu resultado, pois continuo a sentir dores. O profissional estranhou, pois tinha confian\u00e7a em seu diagn\u00f3stico, mas voltou a examin\u00e1-lo.<\/p>\n<p>&nbsp;<\/p>\n<p>&#8211; O senhor tomou o rem\u00e9dio que lhe receitei? Sim senhor doutor, certinho, tr\u00eas vezes ao dia!<\/p>\n<p>&nbsp;<\/p>\n<p>&#8211; O senhor fez as caminhadas para melhorar a circula\u00e7\u00e3o? Cinco quil\u00f4metros todos os dias doutor!<\/p>\n<p>&nbsp;<\/p>\n<p>&#8211; O senhor fez as gin\u00e1sticas como recomendado? Uma hora di\u00e1ria ap\u00f3s as caminhadas doutor!<\/p>\n<p>&nbsp;<\/p>\n<p>&#8211; O senhor parou de beber? N\u00e3o doutor&#8230; doutor continua doendo&#8230;<\/p>\n<p>&nbsp;<\/p>\n<p>A medicina terrena trata das enfermidades do corpo f\u00edsico, o Espiritismo trata das enfermidades do esp\u00edrito (estando ele encarnado ou n\u00e3o). O m\u00e9dico nos escuta, analisa, faz exames e nos recomenda um tratamento. A Casa Esp\u00edrita, nos escuta, analisa, consola, e tamb\u00e9m nos recomenda mudan\u00e7as de atitudes; mas esta vai mais al\u00e9m em nosso benef\u00edcio, pois nos fornece o passe magn\u00e9tico, a \u00e1gua fluidificada e em alguns casos tratamentos de desobssess\u00f5es.<\/p>\n<p>&nbsp;<\/p>\n<p>Mas assim como no caso do paciente enfermo, se quisermos melhorar, cumpre que fa\u00e7amos a nossa parte mudando as nossas tend\u00eancias negativas, ou ficaremos indefinidamente tomando rem\u00e9dios, realizando caminhadas, fazendo gin\u00e1sticas, recebendo passes, tomando \u00e1gua fluidificada&#8230;<\/p>\n<p>&nbsp;<\/p>\n<p>Emmanuel, em uma de suas mensagens no diz: \u201cO pastor conduz o seu rebanho, mas s\u00e3o as ovelhas que andam com as pr\u00f3prias pernas\u201d.<\/p>\n<p>&nbsp;<\/p>\n<p><strong>2. Felicidade relativa&#8230;(<\/strong>Em virtude da afirmativa de Jesus \u2013 \u201cA felicidade n\u00e3o \u00e9 deste mundo\u201d B\u00edblia\/Eclesiastes, Evangelho Segundo o Espiritismo\/ Cap\u00edtulo V, item 20). Analisando esta afirmativa do Cristo apenas pela letra que mata e n\u00e3o pelo esp\u00edrito que vivifica, muitos apressados, inimigos do estudo e cultores do negativismo atribuem que estamos na Terra para sofrer, que este \u00e9 um vale de l\u00e1grimas, aqui s\u00f3 h\u00e1 dores e afli\u00e7\u00f5es, etc. Semelhantes afirmativas s\u00e3o no m\u00ednimo equivocadas e inconseq\u00fcentes, pois espalham o des\u00e2nimo, pessimismo, descren\u00e7a, resigna\u00e7\u00e3o incondicional. A nossa raz\u00e3o nos mostra que podemos e temos momentos felizes mesmo no est\u00e1gio evolutivo em que nos encontramos, pois quem n\u00e3o fica feliz com um casamento? O nascimento do primeiro filho? Uma formatura? O primeiro emprego? No anivers\u00e1rio, receber aquele presente t\u00e3o esperado? Jesus, profundo conhecedor, n\u00e3o iria contrariar as Leis Naturais, negando estes fatos. Ele se referia t\u00e3o somente \u00e0 felicidade plena, que \u00e9 atributo apenas dos Mundos Felizes e Ang\u00e9licos.<\/p>\n<p>&nbsp;<\/p>\n<p>Sabemos ent\u00e3o que para evoluirmos espiritualmente temos que realizar a nossa Reforma \u00cdntima, mas algumas perguntas nos assaltam:<\/p>\n<p>&nbsp;<\/p>\n<p><strong>\u00b7 O que \u00e9 Reforma \u00cdntima?<\/strong> Ela deve ser compreendida como a chave mestra para o sucesso de sua melhora interior e, conseq\u00fcentemente, da sua felicidade exterior.<\/p>\n<p>&nbsp;<\/p>\n<p><strong>\u00b7 Para que serve?<\/strong> Renovar as esperan\u00e7as interiores tendo por meta o fortalecimento da f\u00e9, a solidifica\u00e7\u00e3o do amor, a incessante busca do perd\u00e3o, o cultivo dos sentimentos positivos e a finaliza\u00e7\u00e3o no aperfei\u00e7oamento do ser.<\/p>\n<p>&nbsp;<\/p>\n<p><strong>\u00b7 O que fazer?<\/strong> Realizar atos isolados, no dia-a-dia levando-nos a melhorar as nossas atitudes, alterando para melhor a nossa conduta aproximando-a tanto quanto poss\u00edvel do ideal crist\u00e3o.<\/p>\n<p>&nbsp;<\/p>\n<p><strong>\u00b7 Por onde come\u00e7ar?<\/strong> Pela auto cr\u00edtica.<\/p>\n<p>&nbsp;<\/p>\n<p><strong>\u00b7 Como fazer a reforma \u00edntima?<\/strong> Bem &#8230;..<\/p>\n<p>&nbsp;<\/p>\n<p align=\"right\"><strong>(Cairbar Schutel \u2013 \u201cFundamentos da Reforma \u00cdntima\u201d Abel Glaser).<\/strong><\/p>\n<p>Embora uma linha de pensadores esp\u00edritas entenda que os meios de o conseguir \u00e9 obra e esfor\u00e7o de cada um, as obras liter\u00e1rias est\u00e3o repletas de ind\u00edcios e dicas.<\/p>\n<p>&nbsp;<\/p>\n<p>Em \u201cO Livro dos Esp\u00edritos\u201d no cap\u00edtulo Conhecimento de si mesmo, \u00e0 pergunta 919, Allan Kardec questiona aos Esp\u00edritos:<\/p>\n<p>&nbsp;<\/p>\n<p>&#8211; Qual o meio pr\u00e1tico mais eficaz que tem o homem de se melhorar nesta vida e de resistir \u00e0 atra\u00e7\u00e3o do mal?<\/p>\n<p>&nbsp;<\/p>\n<p>\u201cUm s\u00e1bio da antig\u00fcidade vo-lo disse: Conhece-te a ti mesmo.\u201d<\/p>\n<p>&nbsp;<\/p>\n<p>Allan Kardec, profundo conhecedor das defici\u00eancias humanas, investiga mais a fundo no desdobramento da quest\u00e3o acima.<\/p>\n<p>&nbsp;<\/p>\n<p>919a) &#8211; Conhecemos toda a sabedoria desta m\u00e1xima, por\u00e9m a dificuldade est\u00e1 precisamente em cada um conhecer-se a si mesmo. Qual o meio de consegui-lo?<\/p>\n<p>&nbsp;<\/p>\n<p>\u201cFazei o que eu fazia, quando vivi na Terra: ao fim do dia, interrogava a minha consci\u00eancia, passava revista ao que fizera e perguntava a mim mesmo se n\u00e3o faltara a algum dever, se ningu\u00e9m tivera motivo para de mim se queixar&#8230;(SANTO AGOSTINHO).( O Livro dos Esp\u00edritos &#8211; Allan Kardec)<\/p>\n<p>&nbsp;<\/p>\n<p align=\"center\"><strong>Parece resultar da\u00ed que o conhecimento de si mesmo \u00e9, a chave do progresso individual.<\/strong><\/p>\n<p align=\"center\">(esta \u00e9 uma tarefa que compete a cada um individualmente).<\/p>\n<p>Ocorre-nos lembrar de Benjamin Franklin, Estadista, escritor e inventor norte americano (inventor do para-raio, Boston 17-01-1706 &#8211; Filad\u00e9lfia 17-04-1790).<\/p>\n<p>&nbsp;<\/p>\n<p>Benjamin Franklin era um tip\u00f3grafo na Filad\u00e9lfia homem fracassado e cheio de d\u00edvidas, achava que tinha aptid\u00f5es comuns mas acreditava que seria capaz de adquirir os princ\u00edpios b\u00e1sicos de viver com \u00eaxito, se pudesse apenas encontrar o m\u00e9todo certo. M\u00e9todo este encontrado e relatado em seu livro a \u201cAutobiografia de Benjamin Franklin\u201d (1771-1788).<\/p>\n<p>&nbsp;<\/p>\n<p>Benjamin Franklin, em sua juventude era um homem de muita intelig\u00eancia e perspic\u00e1cia, apesar de ter estudado apenas at\u00e9 o segundo ano prim\u00e1rio. Era h\u00e1vido por conhecimento e lia muito, estudava e escrevia ensaios e poesias. Estudava sobre tudo que lhe interessava, principalmente sobre os grandes vultos da hist\u00f3ria de todos os tempos. Por isso mesmo tinha uma grande cultura e um conceito moral muito r\u00edgido, e cobrava-se muito, bem como, cobrava aos outros a mais correta e ilibada conduta. Em suas reuni\u00f5es sociais, tecia cr\u00edticas francas e \u00e1cidas sobre todos os deslizes de seus colegas, sentindo um prazer m\u00f3rbido em derrotar verbalmente aos seus oponentes, fato que ao longo do tempo foi deixando-o s\u00f3 e isolado nas reuni\u00f5es a que eram \u201cobrigados\u201d a convid\u00e1-lo pelo seu cargo pol\u00edtico.<\/p>\n<p>&nbsp;<\/p>\n<p>Sentindo o peso deste isolamento, em conversa com um amigo muito chegado, comentou esta avers\u00e3o das pessoas de seu conv\u00edvio.<\/p>\n<p>&nbsp;<\/p>\n<p>Tendo sido localizada a causa deste sentimento de avers\u00e3o, com uma tenacidade que s\u00f3 as almas valorosas possuem, empreendeu luta acirrada ao combate \u00e0s suas imperfei\u00e7\u00f5es.<\/p>\n<p>&nbsp;<\/p>\n<p>Mas por mais que se esfor\u00e7asse, controlava uma imperfei\u00e7\u00e3o mas ca\u00eda invariavelmente em outra, quando esta outra recebia a sua aten\u00e7\u00e3o novo deslize fazia-o trope\u00e7ar, e a situa\u00e7\u00e3o n\u00e3o avan\u00e7ava. Era como se estivesse tentando reter \u00e1gua com as m\u00e3os que, n\u00e3o obstante, escorria por entre seus dedos.<\/p>\n<p>&nbsp;<\/p>\n<p>O isolamento continuava e at\u00e9 acentuava-se.<\/p>\n<p>&nbsp;<\/p>\n<p>Lembrando-se das habilidades b\u00e9licas de Napole\u00e3o Bonaparte, que adotava a estrat\u00e9gia de \u201cdividir para vencer\u201d, de esp\u00edrito inventivo, Franklin imaginou um m\u00e9todo t\u00e3o simples, por\u00e9m t\u00e3o pr\u00e1tico, que qualquer pessoa poderia empreg\u00e1-lo.<\/p>\n<p>&nbsp;<\/p>\n<p>Franklin escolheu treze princ\u00edpios que julgava ser necess\u00e1rio ou desej\u00e1vel aprender e procurar praticar. Escreveu-os em pequenos peda\u00e7os de cartolina, com breve resumo do assunto, e dedicou uma semana da mais rigorosa aten\u00e7\u00e3o a cada um desses princ\u00edpios separadamente. Desse modo, pode percorrer a lista toda em treze semanas, e repetir o processo quatro vezes por ano.<\/p>\n<p>&nbsp;<\/p>\n<p>Quando passava ao princ\u00edpio seguinte n\u00e3o esquecia os anteriores, e cada vez que se pegava em falha, fazia uma pequena marca no verso do cart\u00e3o, assim no retorno \u00e0quele princ\u00edpio dedicava maior aten\u00e7\u00e3o e esfor\u00e7o.<\/p>\n<p>&nbsp;<\/p>\n<p>Manteve em segredo o que estava fazendo, pois receava que os outros se rissem dele. (\u00e9 triste constatar que at\u00e9 aos dias de hoje nos vangloriamos de atos incorretos, falcatruas, engodos, v\u00edcios que cometemos, mas temos vergonha de admitirmos que estamos tentando melhorar praticando alguma virtude).<\/p>\n<p>&nbsp;<\/p>\n<p>Ao fim de um ano Franklin havia completado quatro cursos, e constatou que j\u00e1 buscava com naturalidade o controle de suas falhas, apesar de estar longe de dominar com perfei\u00e7\u00e3o qualquer daqueles princ\u00edpios.<\/p>\n<p>&nbsp;<\/p>\n<p>Este procedimento deu t\u00e3o certo que Franklin utilizou-o ao longo de toda a sua vida, embora mudando os princ\u00edpios uma vez j\u00e1 tendo controlado aquela defici\u00eancia combatida.<\/p>\n<p>&nbsp;<\/p>\n<p align=\"center\"><strong>Os treze princ\u00edpios de Benjamin Franklin eram<\/strong><\/p>\n<p align=\"center\">(Autobiografia de Benjamin Franklin): (tais como escreveu e na ordem que lhes deu)<\/p>\n<ol>\n<li><strong>Temperan\u00e7a<\/strong> \u2013 N\u00e3o coma at\u00e9 o embotamento; n\u00e3o beba at\u00e9 a exalta\u00e7\u00e3o.<\/li>\n<li><strong>Sil\u00eancio<\/strong> \u2013 N\u00e3o fale sem proveito para os outros ou para si mesmo; evite a conversa\u00e7\u00e3o f\u00fatil.<\/li>\n<li><strong>Ordem<\/strong>&#8211; Tenha um lugar para cada coisa; que cada parte do trabalho tenha seu tempo certo.<\/li>\n<li><strong>Resolu\u00e7\u00e3o<\/strong> \u2013 Resolva executar aquilo que deve; execute sem falta o que resolve.<\/li>\n<li><strong>Frugalidade<\/strong> \u2013 N\u00e3o fa\u00e7a despesa sem proveito para os outros ou para si mesmo; ou seja nada desperdice.<\/li>\n<li><strong>Dilig\u00eancia<\/strong> \u2013 N\u00e3o perca tempo; esteja sempre ocupado em algo \u00fatil; dispense toda atividade desnecess\u00e1ria.<\/li>\n<li><strong>Sinceridade<\/strong> \u2013 N\u00e3o use de artif\u00edcios enganosos; pense de maneira reta e justa, e, quando falar, fale de acordo.<\/li>\n<li><strong>Justi\u00e7a<\/strong> \u2013 A ningu\u00e9m prejudique por mau ju\u00edzo, ou pela omiss\u00e3o de benef\u00edcios que s\u00e3o dever.<\/li>\n<li><strong>Modera\u00e7\u00e3o<\/strong> \u2013 Evite extremos; n\u00e3o nutra ressentimentos por inj\u00farias recebidas tanto quanto julga que o merecem.<\/li>\n<li><strong>Asseio<\/strong> \u2013 N\u00e3o tolere falta de asseio no corpo, no vestu\u00e1rio, ou na habita\u00e7\u00e3o.<\/li>\n<li><strong>Tranq\u00fcilidade<\/strong> \u2013 N\u00e3o se perturbe por coisas triviais, acidentes comuns ou inevit\u00e1veis.<\/li>\n<li><strong>Castidade<\/strong> \u2013 Evite a pr\u00e1tica sexual sem ser para a sa\u00fade ou procria\u00e7\u00e3o; nunca chegue ao abuso que o enfraque\u00e7a, nem prejudique a sua pr\u00f3pria sa\u00fade, ou a paz de esp\u00edrito ou reputa\u00e7\u00e3o de outrem.<\/li>\n<li><strong>Humildade<\/strong> \u2013 Imite Jesus e S\u00f3crates.<\/li>\n<\/ol>\n<p>&nbsp;<\/p>\n<p>A quantos desejarem experiment\u00e1-lo, sugere-se analisarem-se, buscando aquelas defici\u00eancias mais comuns e corriqueiras, que sabemos possuir, ou as qualidades que n\u00e3o temos mas que gostar\u00edamos de ter, adaptando o m\u00e9todo \u00e0s necessidades e interesses de cada um. Ao alcan\u00e7ar uma conquista, alterar a meta, buscando por outra, que v\u00e3o surgindo ao longo do tempo, mas cuidando sempre para que n\u00e3o incorram em reca\u00edda.<\/p>\n<p>&nbsp;<\/p>\n<p>Este n\u00e3o \u00e9 o primeiro e nem ser\u00e1 o \u00faltimo m\u00e9todo inventado, que visa \u00e0 melhoria das pessoas atrav\u00e9s da reforma \u00edntima, mas com certeza, nos aponta mais uma alternativa palp\u00e1vel e simples, que est\u00e1 ao alcance de quantos tiverem a coragem e a vontade firme de empreender esta luta \u00edntima na escalada evolutiva.<\/p>\n<p>&nbsp;<\/p>\n<p>N\u00e3o \u00e9 um caminho f\u00e1cil. N\u00e3o existe caminho f\u00e1cil. Mas \u00e9 um caminho seguro.<\/p>\n<p>&nbsp;<\/p>\n<p>Em \u201cO Evangelho Segundo o Espiritismo\u201d, no cap\u00edtulo XVII, <strong>SEDE PERFEITOS<\/strong>, Allan Kardec escreveu:<\/p>\n<p>&nbsp;<\/p>\n<p>\u201cReconhece-se o verdadeiro Esp\u00edrita pela sua transforma\u00e7\u00e3o moral, e pelos esfor\u00e7os que emprega para domar as suas m\u00e1s inclina\u00e7\u00f5es\u201d.<\/p>\n<p>&nbsp;<\/p>\n<p>Na B\u00edblia em \u201cO Novo Testamento\u201d, Tiago em suas ep\u00edstolas nos adverte: \u201cF\u00e9 sem obras \u00e9 est\u00e9ril\u201d.<\/p>\n<p>&nbsp;<\/p>\n<p>Que Jesus nos ilumine e guie.<\/p>\n<p>&nbsp;<\/p>\n<p>Muita paz.<\/p>\n<p>&nbsp;<\/p>\n<h3>Bibliografia:<\/h3>\n<ol>\n<li>O Evangelho Segundo o Espiritismo. (Allan Kardec).<\/li>\n<li>O Livro dos Esp\u00edritos. (Allan Kardec).<\/li>\n<li>O Homem Integral.( Divaldo Pereira Franco \u2013 Joanna de Angelis).<\/li>\n<li>Autobiografia de Benjamin Franklin.<\/li>\n<li>Fundamentos da Reforma \u00cdntima. (Abel Glaser \u2013 Cairbar Schutel)<\/li>\n<\/ol>\n<div class=\"pvc_clear\"><\/div>\n<p id=\"pvc_stats_1237\" class=\"pvc_stats all  \" data-element-id=\"1237\" style=\"\"><i class=\"pvc-stats-icon medium\" aria-hidden=\"true\"><svg aria-hidden=\"true\" focusable=\"false\" data-prefix=\"far\" data-icon=\"chart-bar\" role=\"img\" xmlns=\"http:\/\/www.w3.org\/2000\/svg\" viewBox=\"0 0 512 512\" class=\"svg-inline--fa fa-chart-bar fa-w-16 fa-2x\"><path fill=\"currentColor\" d=\"M396.8 352h22.4c6.4 0 12.8-6.4 12.8-12.8V108.8c0-6.4-6.4-12.8-12.8-12.8h-22.4c-6.4 0-12.8 6.4-12.8 12.8v230.4c0 6.4 6.4 12.8 12.8 12.8zm-192 0h22.4c6.4 0 12.8-6.4 12.8-12.8V140.8c0-6.4-6.4-12.8-12.8-12.8h-22.4c-6.4 0-12.8 6.4-12.8 12.8v198.4c0 6.4 6.4 12.8 12.8 12.8zm96 0h22.4c6.4 0 12.8-6.4 12.8-12.8V204.8c0-6.4-6.4-12.8-12.8-12.8h-22.4c-6.4 0-12.8 6.4-12.8 12.8v134.4c0 6.4 6.4 12.8 12.8 12.8zM496 400H48V80c0-8.84-7.16-16-16-16H16C7.16 64 0 71.16 0 80v336c0 17.67 14.33 32 32 32h464c8.84 0 16-7.16 16-16v-16c0-8.84-7.16-16-16-16zm-387.2-48h22.4c6.4 0 12.8-6.4 12.8-12.8v-70.4c0-6.4-6.4-12.8-12.8-12.8h-22.4c-6.4 0-12.8 6.4-12.8 12.8v70.4c0 6.4 6.4 12.8 12.8 12.8z\" class=\"\"><\/path><\/svg><\/i> <img decoding=\"async\" width=\"16\" height=\"16\" alt=\"Loading\" data-src=\"https:\/\/www.centronocaminhodaluz.com.br\/wp-content\/plugins\/page-views-count\/ajax-loader-2x.gif\" border=0 src=\"data:image\/svg+xml;base64,PHN2ZyB3aWR0aD0iMSIgaGVpZ2h0PSIxIiB4bWxucz0iaHR0cDovL3d3dy53My5vcmcvMjAwMC9zdmciPjwvc3ZnPg==\" class=\"lazyload\" style=\"--smush-placeholder-width: 16px; --smush-placeholder-aspect-ratio: 16\/16;\" \/><\/p>\n<div class=\"pvc_clear\"><\/div>\n","protected":false},"excerpt":{"rendered":"<p>Escrito por Jo\u00e3o Batista Armani Muitos s\u00e3o os motivos que nos levam \u00e0 Casa Esp\u00edrita: Pelo amor, pela dor, convite de algu\u00e9m, hoje pela raz\u00e3o, etc&#8230; &nbsp; E o que acontece? Assistimos palestras, recebemos o passe, tomamos \u00e1gua fluidificada e vamos embora. Somos esp\u00edritas apenas dentro da Casa Esp\u00edrita, estas atitudes ir\u00e3o se repetir por&hellip; <br \/> <a class=\"read-more\" href=\"https:\/\/www.centronocaminhodaluz.com.br\/index.php\/reforma-intima\/\">Leia mais<\/a><\/p>\n<div class=\"pvc_clear\"><\/div>\n<p id=\"pvc_stats_1237\" class=\"pvc_stats all  \" data-element-id=\"1237\" style=\"\"><i class=\"pvc-stats-icon medium\" aria-hidden=\"true\"><svg aria-hidden=\"true\" focusable=\"false\" data-prefix=\"far\" data-icon=\"chart-bar\" role=\"img\" xmlns=\"http:\/\/www.w3.org\/2000\/svg\" viewBox=\"0 0 512 512\" class=\"svg-inline--fa fa-chart-bar fa-w-16 fa-2x\"><path fill=\"currentColor\" d=\"M396.8 352h22.4c6.4 0 12.8-6.4 12.8-12.8V108.8c0-6.4-6.4-12.8-12.8-12.8h-22.4c-6.4 0-12.8 6.4-12.8 12.8v230.4c0 6.4 6.4 12.8 12.8 12.8zm-192 0h22.4c6.4 0 12.8-6.4 12.8-12.8V140.8c0-6.4-6.4-12.8-12.8-12.8h-22.4c-6.4 0-12.8 6.4-12.8 12.8v198.4c0 6.4 6.4 12.8 12.8 12.8zm96 0h22.4c6.4 0 12.8-6.4 12.8-12.8V204.8c0-6.4-6.4-12.8-12.8-12.8h-22.4c-6.4 0-12.8 6.4-12.8 12.8v134.4c0 6.4 6.4 12.8 12.8 12.8zM496 400H48V80c0-8.84-7.16-16-16-16H16C7.16 64 0 71.16 0 80v336c0 17.67 14.33 32 32 32h464c8.84 0 16-7.16 16-16v-16c0-8.84-7.16-16-16-16zm-387.2-48h22.4c6.4 0 12.8-6.4 12.8-12.8v-70.4c0-6.4-6.4-12.8-12.8-12.8h-22.4c-6.4 0-12.8 6.4-12.8 12.8v70.4c0 6.4 6.4 12.8 12.8 12.8z\" class=\"\"><\/path><\/svg><\/i> <img decoding=\"async\" width=\"16\" height=\"16\" alt=\"Loading\" data-src=\"https:\/\/www.centronocaminhodaluz.com.br\/wp-content\/plugins\/page-views-count\/ajax-loader-2x.gif\" border=0 src=\"data:image\/svg+xml;base64,PHN2ZyB3aWR0aD0iMSIgaGVpZ2h0PSIxIiB4bWxucz0iaHR0cDovL3d3dy53My5vcmcvMjAwMC9zdmciPjwvc3ZnPg==\" class=\"lazyload\" style=\"--smush-placeholder-width: 16px; --smush-placeholder-aspect-ratio: 16\/16;\" \/><\/p>\n<div class=\"pvc_clear\"><\/div>\n","protected":false},"author":1,"featured_media":0,"parent":0,"menu_order":22,"comment_status":"Closed","ping_status":"closed","template":"","meta":{"footnotes":""},"class_list":["post-1237","page","type-page","status-publish","hentry"],"a3_pvc":{"activated":true,"total_views":71560,"today_views":0},"_links":{"self":[{"href":"https:\/\/www.centronocaminhodaluz.com.br\/index.php\/wp-json\/wp\/v2\/pages\/1237","targetHints":{"allow":["GET"]}}],"collection":[{"href":"https:\/\/www.centronocaminhodaluz.com.br\/index.php\/wp-json\/wp\/v2\/pages"}],"about":[{"href":"https:\/\/www.centronocaminhodaluz.com.br\/index.php\/wp-json\/wp\/v2\/types\/page"}],"author":[{"embeddable":true,"href":"https:\/\/www.centronocaminhodaluz.com.br\/index.php\/wp-json\/wp\/v2\/users\/1"}],"replies":[{"embeddable":true,"href":"https:\/\/www.centronocaminhodaluz.com.br\/index.php\/wp-json\/wp\/v2\/comments?post=1237"}],"version-history":[{"count":0,"href":"https:\/\/www.centronocaminhodaluz.com.br\/index.php\/wp-json\/wp\/v2\/pages\/1237\/revisions"}],"wp:attachment":[{"href":"https:\/\/www.centronocaminhodaluz.com.br\/index.php\/wp-json\/wp\/v2\/media?parent=1237"}],"curies":[{"name":"wp","href":"https:\/\/api.w.org\/{rel}","templated":true}]}}